{"id":3862,"date":"2025-06-10T13:16:49","date_gmt":"2025-06-10T13:16:49","guid":{"rendered":"https:\/\/todologistica.com\/sp\/?page_id=3862"},"modified":"2025-06-10T15:20:31","modified_gmt":"2025-06-10T15:20:31","slug":"digitales-de-todologistica","status":"publish","type":"page","link":"https:\/\/todologistica.com\/sp\/digitales-de-todologistica\/","title":{"rendered":"Digitales de Todologistica"},"content":{"rendered":"<div data-colibri-id=\"3862-c1\" class=\"style-1573 style-local-3862-c1 position-relative\">\n  <!---->\n  <div data-colibri-component=\"section\" data-colibri-id=\"3862-c2\" id=\"overlappable\" class=\"h-section h-section-global-spacing d-flex align-items-lg-center align-items-md-center align-items-center style-1578 style-local-3862-c2 position-relative\">\n    <!---->\n    <!---->\n    <div class=\"h-section-grid-container h-section-boxed-container\">\n      <!---->\n      <div data-colibri-id=\"3862-c3\" class=\"h-row-container gutters-row-lg-2 gutters-row-md-2 gutters-row-2 gutters-row-v-lg-2 gutters-row-v-md-2 gutters-row-v-2 style-1579 style-local-3862-c3 position-relative\">\n        <!---->\n        <div class=\"h-row justify-content-lg-center justify-content-md-center justify-content-center align-items-lg-stretch align-items-md-stretch align-items-stretch gutters-col-lg-2 gutters-col-md-2 gutters-col-2 gutters-col-v-lg-2 gutters-col-v-md-2 gutters-col-v-2\">\n          <!---->\n          <div class=\"h-column h-column-container d-flex h-col-lg-auto h-col-md-auto h-col-auto style-1580-outer style-local-3862-c4-outer\">\n            <div data-colibri-id=\"3862-c4\" class=\"d-flex h-flex-basis h-column__inner h-px-lg-2 h-px-md-2 h-px-2 v-inner-lg-2 v-inner-md-2 v-inner-2 style-1580 style-local-3862-c4 position-relative\">\n              <!---->\n              <!---->\n              <div class=\"w-100 h-y-container h-column__content h-column__v-align flex-basis-100 align-self-lg-center align-self-md-center align-self-center\">\n                <!---->\n                <div data-colibri-id=\"3862-c5\" class=\"h-global-transition-all h-heading style-1581 style-local-3862-c5 position-relative h-element\">\n                  <!---->\n                  <div class=\"h-heading__outer style-1581 style-local-3862-c5\">\n                    <!---->\n                    <!---->\n                    <h3 class=\"\">&#8220;Herramientas online para conectar, posicionar y crecer en log\u00edstica y comercio exterior.&#8221;<\/h3>\n                  <\/div>\n                <\/div>\n                <div data-colibri-id=\"3862-c6\" class=\"h-text h-text-component style-1582 style-local-3862-c6 position-relative h-element\">\n                  <!---->\n                  <!---->\n                  <div class=\"\">\n                    <p>Impuls\u00e1 tu marca en el entorno digital con nuestras soluciones dise\u00f1adas para el sector log\u00edstico.<\/p>\n                  <\/div>\n                <\/div>\n              <\/div>\n            <\/div>\n          <\/div>\n          <div class=\"h-column h-column-container d-flex h-col-lg-auto h-col-md-auto h-col-auto style-1585-outer style-local-3862-c9-outer\">\n            <div data-colibri-id=\"3862-c9\" class=\"d-flex h-flex-basis h-column__inner h-px-lg-2 h-px-md-2 h-px-2 v-inner-lg-2 v-inner-md-2 v-inner-2 style-1585 style-local-3862-c9 position-relative\">\n              <!---->\n              <!---->\n              <div class=\"w-100 h-y-container h-column__content h-column__v-align flex-basis-100 align-self-lg-start align-self-md-start align-self-start\">\n                <!---->\n                <div data-colibri-id=\"3862-c10\" class=\"h-row-container gutters-row-lg-2 gutters-row-md-2 gutters-row-0 gutters-row-v-lg-2 gutters-row-v-md-2 gutters-row-v-2 style-1586 style-local-3862-c10 position-relative\">\n                  <!---->\n                  <div class=\"h-row justify-content-lg-center justify-content-md-center justify-content-center align-items-lg-stretch align-items-md-stretch align-items-stretch gutters-col-lg-2 gutters-col-md-2 gutters-col-0 gutters-col-v-lg-2 gutters-col-v-md-2 gutters-col-v-2\">\n                    <!---->\n                    <div class=\"h-column h-column-container d-flex h-col-lg-6 h-col-md-6 h-col-12 style-1587-outer style-local-3862-c11-outer\">\n                      <div data-colibri-id=\"3862-c11\" class=\"d-flex h-flex-basis h-column__inner h-px-lg-0 h-px-md-0 h-px-0 v-inner-lg-0 v-inner-md-0 v-inner-0 style-1587 style-local-3862-c11 position-relative\">\n                        <!---->\n                        <!---->\n                        <div class=\"w-100 h-y-container h-column__content h-column__v-align flex-basis-100 align-self-lg-start align-self-md-start align-self-start\">\n                          <!---->\n                          <div data-colibri-id=\"3862-c12\" class=\"d-block style-1591 style-local-3862-c12 position-relative h-element\">\n                            <!---->\n                            <div class=\"h-image__frame-container-outer\">\n                              <div class=\"h-image__frame-container\">\n                                <!---->\n                                <!---->\n                                <img data-recalc-dims=\"1\" decoding=\"async\" width=\"250\" height=\"62\" src=\"https:\/\/i0.wp.com\/todologistica.com\/sp\/wp-content\/uploads\/2025\/06\/todologistica-news.jpg?resize=250%2C62&#038;ssl=1\" class=\"wp-image-3901 style-1591-image style-local-3862-c12-image\" alt=\"\" \/>\n                                <div class=\"h-image__frame h-hide-lg h-hide-md h-hide-sm style-1591-frameImage style-local-3862-c12-frameImage\"><\/div>\n                              <\/div>\n                            <\/div>\n                          <\/div>\n                          <div data-colibri-id=\"3862-c13\" class=\"h-global-transition-all h-heading style-1589 style-local-3862-c13 position-relative h-element\">\n                            <!---->\n                            <div class=\"h-heading__outer style-1589 style-local-3862-c13\">\n                              <!---->\n                              <!---->\n                              <h6 class=\"\">Todologistica NEWS<\/h6>\n                            <\/div>\n                          <\/div>\n                          <div data-colibri-id=\"3862-c14\" class=\"h-text h-text-component style-1590 style-local-3862-c14 position-relative h-element\">\n                            <!---->\n                            <!---->\n                            <div class=\"\">\n                              <p>Nuestro portal internacional de noticias que informa, conecta y posiciona a los protagonistas del sector log\u00edstico, portuario y del comercio exterior.&nbsp;<\/p>\n                            <\/div>\n                          <\/div>\n                          <div data-colibri-id=\"3862-c16\" class=\"d-block style-1592 style-local-3862-c16 position-relative h-element\">\n                            <!---->\n                            <div class=\"h-image__frame-container-outer\">\n                              <div class=\"h-image__frame-container\">\n                                <!---->\n                                <!---->\n                                <img data-recalc-dims=\"1\" decoding=\"async\" width=\"250\" height=\"62\" src=\"https:\/\/i0.wp.com\/todologistica.com\/sp\/wp-content\/uploads\/2025\/06\/todologistica-newsletter.jpg?resize=250%2C62&#038;ssl=1\" class=\"wp-image-3902 style-1592-image style-local-3862-c16-image\" alt=\"\" \/>\n                                <div class=\"h-image__frame h-hide-lg h-hide-md h-hide-sm style-1592-frameImage style-local-3862-c16-frameImage\"><\/div>\n                              <\/div>\n                            <\/div>\n                          <\/div>\n                          <div data-colibri-id=\"3862-c17\" class=\"h-global-transition-all h-heading style-1589 style-local-3862-c17 position-relative h-element\">\n                            <!---->\n                            <div class=\"h-heading__outer style-1589 style-local-3862-c17\">\n                              <!---->\n                              <!---->\n                              <h6 class=\"\">Newsletter TodologisticaNEWS<\/h6>\n                            <\/div>\n                          <\/div>\n                          <div data-colibri-id=\"3862-c18\" class=\"h-text h-text-component style-1590 style-local-3862-c18 position-relative h-element\">\n                            <!---->\n                            <!---->\n                            <div class=\"\">\n                              <p>Llega directamente a los principales decisores con nuestras newsletters semanales, enfocadas en visibilidad, contenido y posicionamiento de marca.<\/p>\n                            <\/div>\n                          <\/div>\n                          <div data-colibri-id=\"3862-c43\" class=\"h-text h-text-component style-1590 style-local-3862-c43 position-relative h-element\">\n                            <!---->\n                            <!---->\n                            <div class=\"\">\n                              <p><span style=\"color: rgb(34, 54, 61); font-family: &quot;Open Sans&quot;; font-size: 16px; font-weight: 600;\">El portal y el newsletter, son ideales para dar a conocer sus productos y servicios al sector, insertando notas comerciales y banners con su oferta.<\/span><\/p>\n                            <\/div>\n                          <\/div>\n                          <div data-colibri-id=\"3862-c39\" class=\"h-x-container style-1606 style-local-3862-c39 position-relative h-element\">\n                            <!---->\n                            <div class=\"h-x-container-inner style-dynamic-3862-c39-group style-1606-spacing style-local-3862-c39-spacing\"><span class=\"h-button__outer style-1607-outer style-local-3862-c40-outer d-inline-flex h-element\"><a h-use-smooth-scroll=\"true\" href=\"http:\/\/todologisticanews.com\/\"  data-colibri-id=\"3862-c40\" class=\"d-flex w-100 align-items-center h-button justify-content-lg-center justify-content-md-center justify-content-center style-1607 style-local-3862-c40 position-relative\"><!----><!----> <span>Ir al portal<\/span><\/a>\n                              <\/span><span class=\"h-button__outer style-1607-outer style-local-3862-c41-outer d-inline-flex h-element\"><a h-use-smooth-scroll=\"true\" href=\"https:\/\/api.leadconnectorhq.com\/widget\/group\/CXIYN6LpcF9wjDzPcZHu\"  data-colibri-id=\"3862-c41\" class=\"d-flex w-100 align-items-center h-button justify-content-lg-center justify-content-md-center justify-content-center style-1607 style-local-3862-c41 position-relative\"><!----><!----> <span>Hablemos<\/span><\/a>\n                              <\/span>\n                            <\/div>\n                          <\/div>\n                        <\/div>\n                      <\/div>\n                    <\/div>\n                    <div class=\"h-column h-column-container d-flex h-col-lg-6 h-col-md-6 h-col-12 style-1587-outer style-local-3862-c15-outer\">\n                      <div data-colibri-id=\"3862-c15\" class=\"d-flex h-flex-basis h-column__inner h-px-lg-0 h-px-md-0 h-px-0 v-inner-lg-0 v-inner-md-0 v-inner-0 style-1587 style-local-3862-c15 position-relative\">\n                        <!---->\n                        <!---->\n                        <div class=\"w-100 h-y-container h-column__content h-column__v-align flex-basis-100 align-self-lg-start align-self-md-start align-self-start\">\n                          <!---->\n                          <div data-colibri-id=\"3862-c20\" class=\"d-block style-1593 style-local-3862-c20 position-relative h-element\">\n                            <!---->\n                            <div class=\"h-image__frame-container-outer\">\n                              <div class=\"h-image__frame-container\">\n                                <!---->\n                                <!---->\n                                <img data-recalc-dims=\"1\" fetchpriority=\"high\" decoding=\"async\" width=\"2560\" height=\"631\" src=\"https:\/\/i0.wp.com\/todologistica.com\/sp\/wp-content\/uploads\/2025\/06\/todologistica-newsletter-corporativo-scaled.jpg?resize=2560%2C631&#038;ssl=1\" class=\"wp-image-3904 style-1593-image style-local-3862-c20-image\" alt=\"\" srcset=\"https:\/\/i0.wp.com\/todologistica.com\/sp\/wp-content\/uploads\/2025\/06\/todologistica-newsletter-corporativo-scaled.jpg?w=2560&amp;ssl=1 2560w, https:\/\/i0.wp.com\/todologistica.com\/sp\/wp-content\/uploads\/2025\/06\/todologistica-newsletter-corporativo-scaled.jpg?resize=300%2C74&amp;ssl=1 300w, https:\/\/i0.wp.com\/todologistica.com\/sp\/wp-content\/uploads\/2025\/06\/todologistica-newsletter-corporativo-scaled.jpg?resize=1024%2C252&amp;ssl=1 1024w, https:\/\/i0.wp.com\/todologistica.com\/sp\/wp-content\/uploads\/2025\/06\/todologistica-newsletter-corporativo-scaled.jpg?resize=768%2C189&amp;ssl=1 768w, https:\/\/i0.wp.com\/todologistica.com\/sp\/wp-content\/uploads\/2025\/06\/todologistica-newsletter-corporativo-scaled.jpg?resize=1536%2C378&amp;ssl=1 1536w, https:\/\/i0.wp.com\/todologistica.com\/sp\/wp-content\/uploads\/2025\/06\/todologistica-newsletter-corporativo-scaled.jpg?resize=2048%2C504&amp;ssl=1 2048w, https:\/\/i0.wp.com\/todologistica.com\/sp\/wp-content\/uploads\/2025\/06\/todologistica-newsletter-corporativo-scaled.jpg?resize=1320%2C325&amp;ssl=1 1320w\" sizes=\"(max-width: 1000px) 100vw, 1000px\" \/>\n                                <div class=\"h-image__frame h-hide-lg h-hide-md h-hide-sm style-1593-frameImage style-local-3862-c20-frameImage\"><\/div>\n                              <\/div>\n                            <\/div>\n                          <\/div>\n                          <div data-colibri-id=\"3862-c21\" class=\"h-global-transition-all h-heading style-1589 style-local-3862-c21 position-relative h-element\">\n                            <!---->\n                            <div class=\"h-heading__outer style-1589 style-local-3862-c21\">\n                              <!---->\n                              <!---->\n                              <h6 class=\"\">Servicio de Redacci\u00f3n y Edici\u00f3n de Newsletter Corporativos<\/h6>\n                            <\/div>\n                          <\/div>\n                          <div data-colibri-id=\"3862-c22\" class=\"h-text h-text-component style-1590 style-local-3862-c22 position-relative h-element\">\n                            <!---->\n                            <!---->\n                            <div class=\"\">\n                              <p>Creamos y editamos newsletters profesionales para que tu empresa comunique con impacto y coherencia sus novedades, logros y propuestas.<\/p>\n                            <\/div>\n                          <\/div>\n                          <div data-colibri-id=\"3862-c24\" class=\"d-block style-1594 style-local-3862-c24 position-relative h-element\">\n                            <!---->\n                            <div class=\"h-image__frame-container-outer\">\n                              <div class=\"h-image__frame-container\">\n                                <!---->\n                                <!---->\n                                <img data-recalc-dims=\"1\" loading=\"lazy\" decoding=\"async\" width=\"250\" height=\"132\" src=\"https:\/\/i0.wp.com\/todologistica.com\/sp\/wp-content\/uploads\/2025\/06\/community-manager.png?resize=250%2C132&#038;ssl=1\" class=\"wp-image-3903 style-1594-image style-local-3862-c24-image\" alt=\"\" \/>\n                                <div class=\"h-image__frame h-hide-lg h-hide-md h-hide-sm style-1594-frameImage style-local-3862-c24-frameImage\"><\/div>\n                              <\/div>\n                            <\/div>\n                          <\/div>\n                          <div data-colibri-id=\"3862-c25\" class=\"h-global-transition-all h-heading style-1589 style-local-3862-c25 position-relative h-element\">\n                            <!---->\n                            <div class=\"h-heading__outer style-1589 style-local-3862-c25\">\n                              <!---->\n                              <!---->\n                              <h6 class=\"\">Servicio\n                                <br>Community Manager<\/h6>\n                            <\/div>\n                          <\/div>\n                          <div data-colibri-id=\"3862-c26\" class=\"h-text h-text-component style-1590 style-local-3862-c26 position-relative h-element\">\n                            <!---->\n                            <!---->\n                            <div class=\"\">\n                              <p>Gestionamos tu presencia en redes con estrategia, dise\u00f1o y contenido especializado en log\u00edstica, comercio exterior y transporte.<\/p>\n                            <\/div>\n                          <\/div>\n                          <div data-colibri-id=\"3862-c44\" class=\"h-x-container style-1609 style-local-3862-c44 position-relative h-element\">\n                            <!---->\n                            <div class=\"h-x-container-inner style-dynamic-3862-c44-group style-1609-spacing style-local-3862-c44-spacing\"><span class=\"h-button__outer style-1610-outer style-local-3862-c45-outer d-inline-flex h-element\"><a h-use-smooth-scroll=\"true\" href=\"https:\/\/api.leadconnectorhq.com\/widget\/booking\/EjgjVXAee8MtMARmzp73\"  data-colibri-id=\"3862-c45\" class=\"d-flex w-100 align-items-center h-button justify-content-lg-center justify-content-md-center justify-content-center style-1610 style-local-3862-c45 position-relative\"><!----><!----> <span>D\u00e9jame contarte mas<\/span><\/a>\n                              <\/span>\n                            <\/div>\n                          <\/div>\n                        <\/div>\n                      <\/div>\n                    <\/div>\n                    <div class=\"h-column h-column-container d-flex h-col-lg-6 h-col-md-6 h-col-12 style-1587-outer style-local-3862-c19-outer\">\n                      <div data-colibri-id=\"3862-c19\" class=\"d-flex h-flex-basis h-column__inner h-ui-empty-state-container h-px-lg-0 h-px-md-0 h-px-0 v-inner-lg-0 v-inner-md-0 v-inner-0 style-1587 style-local-3862-c19 position-relative\">\n                        <!---->\n                        <!---->\n                        <div class=\"w-100 h-y-container h-column__content h-column__v-align flex-basis-100\">\n                          <!---->\n                        <\/div>\n                      <\/div>\n                    <\/div>\n                    <div class=\"h-column h-column-container d-flex h-col-lg-6 h-col-md-6 h-col-12 style-1587-outer style-local-3862-c23-outer\">\n                      <div data-colibri-id=\"3862-c23\" class=\"d-flex h-flex-basis h-column__inner h-ui-empty-state-container h-px-lg-0 h-px-md-0 h-px-0 v-inner-lg-0 v-inner-md-0 v-inner-0 style-1587 style-local-3862-c23 position-relative\">\n                        <!---->\n                        <!---->\n                        <div class=\"w-100 h-y-container h-column__content h-column__v-align flex-basis-100\">\n                          <!---->\n                        <\/div>\n                      <\/div>\n                    <\/div>\n                  <\/div>\n                <\/div>\n              <\/div>\n            <\/div>\n          <\/div>\n        <\/div>\n      <\/div>\n    <\/div>\n  <\/div>\n  <div data-colibri-component=\"section\" data-colibri-id=\"3862-c27\" id=\"about\" class=\"h-section h-section-global-spacing d-flex align-items-lg-center align-items-md-center align-items-center style-1595 style-local-3862-c27 position-relative\">\n    <!---->\n    <!---->\n    <div class=\"h-section-grid-container h-section-boxed-container\">\n      <!---->\n      <div data-colibri-id=\"3862-c28\" class=\"h-row-container gutters-row-lg-0 gutters-row-md-0 gutters-row-2 gutters-row-v-lg-0 gutters-row-v-md-0 gutters-row-v-0 style-1596 style-local-3862-c28 position-relative\">\n        <!---->\n        <div class=\"h-row justify-content-lg-center justify-content-md-center justify-content-center align-items-lg-stretch align-items-md-stretch align-items-stretch gutters-col-lg-0 gutters-col-md-0 gutters-col-2 gutters-col-v-lg-0 gutters-col-v-md-0 gutters-col-v-0\">\n          <!---->\n          <div class=\"h-column h-column-container d-flex h-col-lg-auto h-col-md-auto h-col-auto style-1597-outer style-local-3862-c29-outer\">\n            <div data-colibri-id=\"3862-c29\" class=\"d-flex h-flex-basis h-column__inner h-px-lg-0 h-px-md-0 h-px-2 v-inner-lg-0 v-inner-md-0 v-inner-2 style-1597 style-local-3862-c29 position-relative\">\n              <!---->\n              <!---->\n              <div class=\"w-100 h-y-container h-column__content h-column__v-align flex-basis-100 align-self-lg-center align-self-md-center align-self-center\">\n                <!---->\n                <div data-colibri-id=\"3862-c30\" class=\"style-1598 style-local-3862-c30 position-relative h-element\">\n                  <!---->\n                <\/div>\n              <\/div>\n            <\/div>\n          <\/div>\n          <div class=\"h-column h-column-container d-flex h-col-lg-auto h-col-md-auto h-col-auto style-1600-outer style-local-3862-c31-outer\">\n            <div data-colibri-id=\"3862-c31\" class=\"d-flex h-flex-basis h-column__inner h-px-lg-2 h-px-md-2 h-px-2 v-inner-lg-2 v-inner-md-2 v-inner-2 style-1600 style-local-3862-c31 position-relative\">\n              <!---->\n              <!---->\n              <div class=\"w-100 h-y-container h-column__content h-column__v-align flex-basis-100 align-self-lg-center align-self-md-center align-self-center\">\n                <!---->\n                <div data-colibri-id=\"3862-c32\" class=\"h-global-transition-all h-heading style-1601 style-local-3862-c32 position-relative h-element\">\n                  <!---->\n                  <div class=\"h-heading__outer style-1601 style-local-3862-c32\">\n                    <!---->\n                    <!---->\n                    <h2 class=\"\">Dise\u00f1o gr\u00e1fico estrat\u00e9gico que comunica y potencia tu marca en el mundo log\u00edstico.<\/h2>\n                  <\/div>\n                <\/div>\n                <div data-colibri-id=\"3862-c33\" class=\"h-text h-text-component style-1603 style-local-3862-c33 position-relative h-element\">\n                  <!---->\n                  <!---->\n                  <div class=\"\">\n                    <p>&#8220;Dise\u00f1amos con foco log\u00edstico para que tu marca destaque con impacto, profesionalismo y conexi\u00f3n directa al sector.&#8221;<\/p>\n                  <\/div>\n                <\/div>\n                <div data-colibri-id=\"3862-c34\" class=\"h-x-container style-1604 style-local-3862-c34 position-relative h-element\">\n                  <!---->\n                  <div class=\"h-x-container-inner style-dynamic-3862-c34-group style-1604-spacing style-local-3862-c34-spacing\"><span class=\"h-button__outer style-1605-outer style-local-3862-c35-outer d-inline-flex h-element\"><a h-use-smooth-scroll=\"true\" href=\"https:\/\/todologistica.com\/sp\/contacto\/\"  data-colibri-id=\"3862-c35\" class=\"d-flex w-100 align-items-center h-button justify-content-lg-center justify-content-md-center justify-content-center style-1605 style-local-3862-c35 position-relative\"><!----><!----> <span>M\u00e1s informaci\u00f3n<\/span><\/a>\n                    <\/span>\n                  <\/div>\n                <\/div>\n              <\/div>\n            <\/div>\n          <\/div>\n        <\/div>\n      <\/div>\n    <\/div>\n  <\/div>\n<\/div>","protected":false},"excerpt":{"rendered":"<p>&#8220;Herramientas online para conectar, posicionar y crecer en log\u00edstica y comercio exterior.&#8221; Impuls\u00e1 tu marca en el entorno digital con nuestras soluciones dise\u00f1adas para el sector log\u00edstico. Todologistica NEWS Nuestro portal internacional de noticias que informa, conecta y posiciona a los protagonistas del sector log\u00edstico, portuario y del comercio exterior.&nbsp; Newsletter TodologisticaNEWS Llega directamente a [&hellip;]<\/p>\n","protected":false},"author":3,"featured_media":0,"parent":0,"menu_order":0,"comment_status":"closed","ping_status":"closed","template":"page-templates\/full-width-page.php","meta":{"nf_dc_page":"","om_disable_all_campaigns":false,"footnotes":""},"class_list":["post-3862","page","type-page","status-publish","hentry"],"jetpack_sharing_enabled":true,"_links":{"self":[{"href":"https:\/\/todologistica.com\/sp\/wp-json\/wp\/v2\/pages\/3862","targetHints":{"allow":["GET"]}}],"collection":[{"href":"https:\/\/todologistica.com\/sp\/wp-json\/wp\/v2\/pages"}],"about":[{"href":"https:\/\/todologistica.com\/sp\/wp-json\/wp\/v2\/types\/page"}],"author":[{"embeddable":true,"href":"https:\/\/todologistica.com\/sp\/wp-json\/wp\/v2\/users\/3"}],"replies":[{"embeddable":true,"href":"https:\/\/todologistica.com\/sp\/wp-json\/wp\/v2\/comments?post=3862"}],"version-history":[{"count":14,"href":"https:\/\/todologistica.com\/sp\/wp-json\/wp\/v2\/pages\/3862\/revisions"}],"predecessor-version":[{"id":3975,"href":"https:\/\/todologistica.com\/sp\/wp-json\/wp\/v2\/pages\/3862\/revisions\/3975"}],"wp:attachment":[{"href":"https:\/\/todologistica.com\/sp\/wp-json\/wp\/v2\/media?parent=3862"}],"curies":[{"name":"wp","href":"https:\/\/api.w.org\/{rel}","templated":true}]}}