{"id":3859,"date":"2025-06-10T13:14:03","date_gmt":"2025-06-10T13:14:03","guid":{"rendered":"https:\/\/todologistica.com\/sp\/?page_id=3859"},"modified":"2025-06-10T17:29:57","modified_gmt":"2025-06-10T17:29:57","slug":"networking-by-todologistica","status":"publish","type":"page","link":"https:\/\/todologistica.com\/sp\/networking-by-todologistica\/","title":{"rendered":"Networking by Todologistica"},"content":{"rendered":"<div data-colibri-id=\"3859-c1\" class=\"style-1611 style-local-3859-c1 position-relative\">\n  <!---->\n  <div data-colibri-component=\"section\" data-colibri-id=\"3859-c6\" id=\"content\" class=\"h-section h-section-global-spacing d-flex align-items-lg-center align-items-md-center align-items-center style-1616 style-local-3859-c6 position-relative\">\n    <!---->\n    <!---->\n    <div class=\"h-section-grid-container h-section-boxed-container\">\n      <!---->\n      <div data-colibri-id=\"3859-c7\" class=\"h-row-container gutters-row-lg-2 gutters-row-md-2 gutters-row-2 gutters-row-v-lg-2 gutters-row-v-md-2 gutters-row-v-2 style-1617 style-local-3859-c7 position-relative\">\n        <!---->\n        <div class=\"h-row justify-content-lg-center justify-content-md-center justify-content-center align-items-lg-start align-items-md-start align-items-start gutters-col-lg-2 gutters-col-md-2 gutters-col-2 gutters-col-v-lg-2 gutters-col-v-md-2 gutters-col-v-2\">\n          <!---->\n          <div class=\"h-column h-column-container d-flex h-col-lg-auto h-col-md-auto h-col-auto align-self-lg-start align-self-md-start align-self-start style-1618-outer style-local-3859-c8-outer\">\n            <div data-colibri-id=\"3859-c8\" class=\"d-flex h-flex-basis h-column__inner h-px-lg-2 h-px-md-2 h-px-0 v-inner-lg-0 v-inner-md-2 v-inner-0 style-1618 style-local-3859-c8 position-relative\">\n              <!---->\n              <!---->\n              <div class=\"w-100 h-y-container h-column__content h-column__v-align flex-basis-100 align-self-lg-center align-self-md-center align-self-center\">\n                <!---->\n                <div data-colibri-id=\"3859-c9\" class=\"h-global-transition-all h-heading style-1619 style-local-3859-c9 position-relative h-element\">\n                  <!---->\n                  <div class=\"h-heading__outer style-1619 style-local-3859-c9\">\n                    <!---->\n                    <!---->\n                    <h3 class=\"\">Networking by Todologistica<\/h3>\n                  <\/div>\n                <\/div>\n                <div data-colibri-id=\"3859-c10\" class=\"h-lead h-text h-text-component style-1620 style-local-3859-c10 position-relative h-element\">\n                  <!---->\n                  <!---->\n                  <div class=\"\">\n                    <p>&#8220;El Encuentro de Protagonistas y UHUB son nuestras plataformas de networking empresarial de \u00e9lite, donde se encuentran los l\u00edderes del sector a nivel nacional e internacional para generar conexiones reales y oportunidades estrat\u00e9gicas.&#8221;<\/p>\n                  <\/div>\n                <\/div>\n              <\/div>\n            <\/div>\n          <\/div>\n          <div class=\"h-column h-column-container d-flex h-col-lg-auto h-col-md-auto h-col-auto align-self-lg-start align-self-md-start align-self-start style-1621-outer style-local-3859-c11-outer\">\n            <div data-colibri-id=\"3859-c11\" class=\"d-flex h-flex-basis h-column__inner h-px-lg-0 h-px-md-0 h-px-0 v-inner-lg-0 v-inner-md-0 v-inner-0 style-1621 style-local-3859-c11 position-relative\">\n              <!---->\n              <!---->\n              <div class=\"w-100 h-y-container h-column__content h-column__v-align flex-basis-100 align-self-lg-center align-self-md-center align-self-center\">\n                <!---->\n                <div data-colibri-id=\"3859-c12\" class=\"h-row-container gutters-row-lg-2 gutters-row-md-2 gutters-row-2 gutters-row-v-lg-2 gutters-row-v-md-2 gutters-row-v-2 style-1622 style-local-3859-c12 position-relative\">\n                  <!---->\n                  <div class=\"h-row justify-content-lg-center justify-content-md-center justify-content-center align-items-lg-stretch align-items-md-stretch align-items-stretch gutters-col-lg-2 gutters-col-md-2 gutters-col-2 gutters-col-v-lg-2 gutters-col-v-md-2 gutters-col-v-2\">\n                    <!---->\n                    <div class=\"h-column h-column-container d-flex h-col-lg-auto h-col-md-auto h-col-auto style-1623-outer style-local-3859-c13-outer\">\n                      <div data-colibri-id=\"3859-c13\" class=\"d-flex h-flex-basis h-column__inner h-ui-empty-state-container h-px-lg-0 h-px-md-0 h-px-0 v-inner-lg-0 v-inner-md-0 v-inner-0 style-1623 style-local-3859-c13 position-relative\">\n                        <!---->\n                        <!---->\n                        <div class=\"w-100 h-y-container h-column__content h-column__v-align flex-basis-100\">\n                          <!---->\n                        <\/div>\n                      <\/div>\n                    <\/div>\n                    <div class=\"h-column h-column-container d-flex h-col-lg-auto h-col-md-auto h-col-auto style-1624-outer style-local-3859-c14-outer\">\n                      <div data-colibri-id=\"3859-c14\" class=\"d-flex h-flex-basis h-column__inner h-px-lg-0 h-px-md-0 h-px-0 v-inner-lg-0 v-inner-md-0 v-inner-0 style-1624 style-local-3859-c14 position-relative\">\n                        <!---->\n                        <!---->\n                        <div class=\"w-100 h-y-container h-column__content h-column__v-align flex-basis-100 align-self-lg-start align-self-md-start align-self-start\">\n                          <!---->\n                          <div data-colibri-id=\"3859-c15\" class=\"h-global-transition-all h-heading style-1625 style-local-3859-c15 position-relative h-element\">\n                            <!---->\n                            <div class=\"h-heading__outer style-1625 style-local-3859-c15\">\n                              <!---->\n                              <!---->\n                              <h5 class=\"\">encuentro de protagonistas<\/h5>\n                            <\/div>\n                          <\/div>\n                          <div data-colibri-id=\"3859-c16\" class=\"h-text h-text-component style-1626 style-local-3859-c16 position-relative h-element\">\n                            <!---->\n                            <!---->\n                            <div class=\"\">\n                              <p><span style=\"font-weight: 700;\">Encuentro de Protagonistas<\/span> es un evento empresarial presencial de referencia para el sector log\u00edstico, portuario, del transporte y el comercio exterior. Re\u00fane a destacados l\u00edderes, tomadores\n                                de decisi\u00f3n y especialistas nacionales e internacionales, generando un espacio \u00fanico para el an\u00e1lisis de tendencias, el intercambio profesional y el desarrollo de oportunidades comerciales.<\/p>\n                              <p>Con ediciones en Uruguay, Argentina, Paraguay y Brasil, el Encuentro se consolida a\u00f1o a a\u00f1o como una herramienta clave de networking estrat\u00e9gico, donde la experiencia, la innovaci\u00f3n y la visi\u00f3n de futuro se dan cita en una\n                                jornada de alto impacto.<\/p>\n                            <\/div>\n                          <\/div>\n                        <\/div>\n                      <\/div>\n                    <\/div>\n                  <\/div>\n                <\/div>\n              <\/div>\n            <\/div>\n          <\/div>\n          <div class=\"h-column h-column-container d-flex h-col-lg-auto h-col-md-auto h-col-auto align-self-lg-start align-self-md-start align-self-start style-1621-outer style-local-3859-c17-outer\">\n            <div data-colibri-id=\"3859-c17\" class=\"d-flex h-flex-basis h-column__inner h-px-lg-0 h-px-md-0 h-px-0 v-inner-lg-0 v-inner-md-0 v-inner-0 style-1621 style-local-3859-c17 position-relative\">\n              <!---->\n              <!---->\n              <div class=\"w-100 h-y-container h-column__content h-column__v-align flex-basis-100 align-self-lg-center align-self-md-center align-self-center\">\n                <!---->\n                <div data-colibri-id=\"3859-c18\" class=\"h-row-container gutters-row-lg-2 gutters-row-md-2 gutters-row-2 gutters-row-v-lg-2 gutters-row-v-md-2 gutters-row-v-2 style-1627 style-local-3859-c18 position-relative\">\n                  <!---->\n                  <div class=\"h-row justify-content-lg-center justify-content-md-center justify-content-center align-items-lg-stretch align-items-md-stretch align-items-stretch gutters-col-lg-2 gutters-col-md-2 gutters-col-2 gutters-col-v-lg-2 gutters-col-v-md-2 gutters-col-v-2\">\n                    <!---->\n                    <div class=\"h-column h-column-container d-flex h-col-lg-auto h-col-md-auto h-col-auto style-1628-outer style-local-3859-c19-outer\">\n                      <div data-colibri-id=\"3859-c19\" class=\"d-flex h-flex-basis h-column__inner h-px-lg-0 h-px-md-0 h-px-0 v-inner-lg-0 v-inner-md-0 v-inner-0 style-1628 style-local-3859-c19 position-relative\">\n                        <!---->\n                        <!---->\n                        <div class=\"w-100 h-y-container h-column__content h-column__v-align flex-basis-100 align-self-lg-start align-self-md-start align-self-start\">\n                          <!---->\n                          <div data-colibri-id=\"3859-c20\" class=\"h-global-transition-all h-heading style-1625 style-local-3859-c20 position-relative h-element\">\n                            <!---->\n                            <div class=\"h-heading__outer style-1625 style-local-3859-c20\">\n                              <!---->\n                              <!---->\n                              <h5 class=\"\">uhub<\/h5>\n                            <\/div>\n                          <\/div>\n                          <div data-colibri-id=\"3859-c21\" class=\"h-text h-text-component style-1626 style-local-3859-c21 position-relative h-element\">\n                            <!---->\n                            <!---->\n                            <div class=\"\">\n                              <p><strong>UHUB<\/strong> es un evento empresarial presencial de car\u00e1cter anual, organizado por Todologistica y CALOG (C\u00e1mara de Log\u00edstica del Uruguay), que re\u00fane a referentes del sector log\u00edstico, portuario y del transporte\n                                para abordar, en profundidad, los desaf\u00edos y oportunidades de la industria.\n                                <br> Con un enfoque especializado, UHUB promueve el intercambio de conocimientos, la generaci\u00f3n de alianzas estrat\u00e9gicas y el an\u00e1lisis de tendencias clave que impactan en la cadena de suministro regional.\n                                <br> Este encuentro se ha consolidado como un espacio de networking y actualizaci\u00f3n indispensable para empresas, operadores, autoridades y profesionales del sector en Uruguay y la regi\u00f3n.<\/p>\n                            <\/div>\n                          <\/div>\n                        <\/div>\n                      <\/div>\n                    <\/div>\n                    <div class=\"h-column h-column-container d-flex h-col-lg-auto h-col-md-auto h-col-auto style-1629-outer style-local-3859-c22-outer\">\n                      <div data-colibri-id=\"3859-c22\" class=\"d-flex h-flex-basis h-column__inner h-ui-empty-state-container h-px-lg-0 h-px-md-0 h-px-0 v-inner-lg-0 v-inner-md-0 v-inner-0 style-1629 style-local-3859-c22 position-relative\">\n                        <!---->\n                        <!---->\n                        <div class=\"w-100 h-y-container h-column__content h-column__v-align flex-basis-100\">\n                          <!---->\n                        <\/div>\n                      <\/div>\n                    <\/div>\n                  <\/div>\n                <\/div>\n              <\/div>\n            <\/div>\n          <\/div>\n        <\/div>\n      <\/div>\n    <\/div>\n  <\/div>\n<\/div>","protected":false},"excerpt":{"rendered":"<p>Networking by Todologistica &#8220;El Encuentro de Protagonistas y UHUB son nuestras plataformas de networking empresarial de \u00e9lite, donde se encuentran los l\u00edderes del sector a nivel nacional e internacional para generar conexiones reales y oportunidades estrat\u00e9gicas.&#8221; encuentro de protagonistas Encuentro de Protagonistas es un evento empresarial presencial de referencia para el sector log\u00edstico, portuario, del [&hellip;]<\/p>\n","protected":false},"author":3,"featured_media":0,"parent":0,"menu_order":0,"comment_status":"closed","ping_status":"closed","template":"page-templates\/full-width-page.php","meta":{"nf_dc_page":"","om_disable_all_campaigns":false,"footnotes":""},"class_list":["post-3859","page","type-page","status-publish","hentry"],"jetpack_sharing_enabled":true,"_links":{"self":[{"href":"https:\/\/todologistica.com\/sp\/wp-json\/wp\/v2\/pages\/3859","targetHints":{"allow":["GET"]}}],"collection":[{"href":"https:\/\/todologistica.com\/sp\/wp-json\/wp\/v2\/pages"}],"about":[{"href":"https:\/\/todologistica.com\/sp\/wp-json\/wp\/v2\/types\/page"}],"author":[{"embeddable":true,"href":"https:\/\/todologistica.com\/sp\/wp-json\/wp\/v2\/users\/3"}],"replies":[{"embeddable":true,"href":"https:\/\/todologistica.com\/sp\/wp-json\/wp\/v2\/comments?post=3859"}],"version-history":[{"count":4,"href":"https:\/\/todologistica.com\/sp\/wp-json\/wp\/v2\/pages\/3859\/revisions"}],"predecessor-version":[{"id":4000,"href":"https:\/\/todologistica.com\/sp\/wp-json\/wp\/v2\/pages\/3859\/revisions\/4000"}],"wp:attachment":[{"href":"https:\/\/todologistica.com\/sp\/wp-json\/wp\/v2\/media?parent=3859"}],"curies":[{"name":"wp","href":"https:\/\/api.w.org\/{rel}","templated":true}]}}