{"id":3856,"date":"2025-06-10T13:13:04","date_gmt":"2025-06-10T13:13:04","guid":{"rendered":"https:\/\/todologistica.com\/sp\/?page_id=3856"},"modified":"2025-06-10T18:01:26","modified_gmt":"2025-06-10T18:01:26","slug":"multimedios-de-todologistica","status":"publish","type":"page","link":"https:\/\/todologistica.com\/sp\/multimedios-de-todologistica\/","title":{"rendered":"Multimedios de Todologistica"},"content":{"rendered":"<div data-colibri-id=\"3856-c1\" class=\"style-1630 style-local-3856-c1 position-relative\">\n  <!---->\n  <div data-colibri-component=\"section\" data-colibri-id=\"3856-c6\" id=\"content\" class=\"h-section h-section-global-spacing d-flex align-items-lg-center align-items-md-center align-items-center style-1635 style-local-3856-c6 h-overflow-hidden position-relative\">\n    <!---->\n    <!---->\n    <div class=\"h-section-grid-container h-section-fluid-container\">\n      <!---->\n      <div data-colibri-id=\"3856-c7\" class=\"h-row-container gutters-row-lg-0 gutters-row-md-0 gutters-row-2 gutters-row-v-lg-0 gutters-row-v-md-0 gutters-row-v-2 style-1636 style-local-3856-c7 position-relative\">\n        <!---->\n        <div class=\"h-row justify-content-lg-center justify-content-md-center justify-content-center align-items-lg-stretch align-items-md-stretch align-items-stretch gutters-col-lg-0 gutters-col-md-0 gutters-col-2 gutters-col-v-lg-0 gutters-col-v-md-0 gutters-col-v-2\">\n          <!---->\n          <div class=\"h-column h-column-container d-flex h-col-lg-auto h-col-md-auto h-col-auto style-1637-outer style-local-3856-c8-outer\">\n            <div data-colibri-id=\"3856-c8\" class=\"d-flex h-flex-basis h-column__inner h-ui-empty-state-container h-px-lg-0 h-px-md-0 h-px-0 v-inner-lg-0 v-inner-md-0 v-inner-0 style-1637 style-local-3856-c8 position-relative\">\n              <!---->\n              <!---->\n              <div class=\"w-100 h-y-container h-column__content h-column__v-align flex-basis-100\">\n                <!---->\n              <\/div>\n            <\/div>\n          <\/div>\n          <div class=\"h-column h-column-container d-flex h-col-lg-auto h-col-md-auto h-col-auto style-1638-outer style-local-3856-c9-outer\">\n            <div data-colibri-id=\"3856-c9\" class=\"d-flex h-flex-basis h-column__inner h-px-lg-0 h-px-md-0 h-px-0 v-inner-lg-0 v-inner-md-0 v-inner-0 style-1638 style-local-3856-c9 position-relative\">\n              <!---->\n              <!---->\n              <div class=\"w-100 h-y-container h-column__content h-column__v-align flex-basis-100 align-self-lg-start align-self-md-start align-self-start\">\n                <!---->\n                <div data-colibri-id=\"3856-c10\" class=\"h-global-transition-all h-heading style-1639 style-local-3856-c10 position-relative h-element\">\n                  <!---->\n                  <div class=\"h-heading__outer style-1639 style-local-3856-c10\">\n                    <!---->\n                    <!---->\n                    <h4 class=\"\">multimedios de todologistica<\/h4>\n                  <\/div>\n                <\/div>\n                <div data-colibri-id=\"3856-c11\" class=\"h-global-transition-all h-heading style-1640 style-local-3856-c11 position-relative h-element\">\n                  <!---->\n                  <div class=\"h-heading__outer style-1640 style-local-3856-c11\">\n                    <!---->\n                    <!---->\n                    <h2 class=\"\">Gu\u00eda Log\u00edstica<\/h2>\n                  <\/div>\n                <\/div>\n                <div data-colibri-id=\"3856-c12\" class=\"h-text h-text-component style-1641 style-local-3856-c12 position-relative h-element\">\n                  <!---->\n                  <!---->\n                  <div class=\"\">\n                    <p>Publicaci\u00f3n multimedia internacional que presenta la oferta de valor de las principales empresas del sector log\u00edstico, portuario, del transporte y el comercio exterior. <\/p>\n                    <p>Llegando siempre a las manos correctas en eventos internacionales y por correo postal, la Guia se edita&nbsp;en espa\u00f1ol, ingl\u00e9s&nbsp;y portugu\u00e9s, en formato impreso, y tambi\u00e9n digital, en sus versiones de app y flipp.<\/p>\n                  <\/div>\n                <\/div>\n                <div data-colibri-id=\"3856-c28\" class=\"h-x-container style-1646 style-local-3856-c28 position-relative h-element\">\n                  <!---->\n                  <div class=\"h-x-container-inner style-dynamic-3856-c28-group style-1646-spacing style-local-3856-c28-spacing\"><span class=\"h-button__outer style-1647-outer style-local-3856-c29-outer d-inline-flex h-element\"><a h-use-smooth-scroll=\"true\" href=\"https:\/\/guialogistica.info\/\"  data-colibri-id=\"3856-c29\" class=\"d-flex w-100 align-items-center h-button justify-content-lg-center justify-content-md-center justify-content-center style-1647 style-local-3856-c29 position-relative\"><!----><!----> <span>PLATAFORMA GU\u00cdA LOG\u00cdSTICA Y DE COMERCIO EXTERIOR<\/span><\/a>\n                    <\/span>\n                  <\/div>\n                <\/div>\n                <div data-colibri-id=\"3856-c36\" class=\"h-x-container style-1654 style-local-3856-c36 position-relative h-element\">\n                  <!---->\n                  <div class=\"h-x-container-inner style-dynamic-3856-c36-group style-1654-spacing style-local-3856-c36-spacing\"><span class=\"h-button__outer style-1655-outer style-local-3856-c37-outer d-inline-flex h-element\"><a h-use-smooth-scroll=\"true\" href=\"https:\/\/todologistica.com\/sp\/contacto\/\"  data-colibri-id=\"3856-c37\" class=\"d-flex w-100 align-items-center h-button justify-content-lg-center justify-content-md-center justify-content-center style-1655 style-local-3856-c37 position-relative\"><!----><!----> <span>Quiero sumar mi anuncio a la Guia<\/span><\/a>\n                    <\/span>\n                  <\/div>\n                <\/div>\n                <div data-colibri-id=\"3856-c26\" class=\"h-global-transition-all h-heading style-1640 style-local-3856-c26 position-relative h-element\">\n                  <!---->\n                  <div class=\"h-heading__outer style-1640 style-local-3856-c26\">\n                    <!---->\n                    <!---->\n                    <h2 class=\"\">Revista Protagonista<\/h2>\n                  <\/div>\n                <\/div>\n                <div data-colibri-id=\"3856-c27\" class=\"h-text h-text-component style-1641 style-local-3856-c27 position-relative h-element\">\n                  <!---->\n                  <!---->\n                  <div class=\"\">\n                    <p><span style=\"font-weight: 400; font-size: 16px; font-family: &quot;Open Sans&quot;; color: rgb(70, 112, 127);\">Aqu\u00ed encontrar\u00e1s art\u00edculos de actores referentes del sector, que te permitir\u00e1n descubrir a futuros proveedores<\/span><\/p>\n                  <\/div>\n                <\/div>\n                <div data-colibri-id=\"3856-c31\" class=\"h-x-container style-1649 style-local-3856-c31 position-relative h-element\">\n                  <!---->\n                  <div class=\"h-x-container-inner style-dynamic-3856-c31-group style-1649-spacing style-local-3856-c31-spacing\"><span class=\"h-button__outer style-1650-outer style-local-3856-c32-outer d-inline-flex h-element\"><a h-use-smooth-scroll=\"true\" href=\"http:\/\/revistaprotagonista.com\/\"  data-colibri-id=\"3856-c32\" class=\"d-flex w-100 align-items-center h-button justify-content-lg-center justify-content-md-center justify-content-center style-1650 style-local-3856-c32 position-relative\"><!----><!----> <span>www.revistaprotagonista.com<\/span><\/a>\n                    <\/span>\n                  <\/div>\n                <\/div>\n                <div data-colibri-id=\"3856-c34\" class=\"h-x-container style-1652 style-local-3856-c34 position-relative h-element\">\n                  <!---->\n                  <div class=\"h-x-container-inner style-dynamic-3856-c34-group style-1652-spacing style-local-3856-c34-spacing\"><span class=\"h-button__outer style-1653-outer style-local-3856-c35-outer d-inline-flex h-element\"><a h-use-smooth-scroll=\"true\" href=\"https:\/\/todologistica.com\/sp\/contacto\/\"  data-colibri-id=\"3856-c35\" class=\"d-flex w-100 align-items-center h-button justify-content-lg-center justify-content-md-center justify-content-center style-1653 style-local-3856-c35 position-relative\"><!----><!----> <span>Quiero sumar mi anuncio a la Revista Protagonista<\/span><\/a>\n                    <\/span>\n                  <\/div>\n                <\/div>\n              <\/div>\n            <\/div>\n          <\/div>\n        <\/div>\n      <\/div>\n    <\/div>\n  <\/div>\n<\/div>","protected":false},"excerpt":{"rendered":"<p>multimedios de todologistica Gu\u00eda Log\u00edstica Publicaci\u00f3n multimedia internacional que presenta la oferta de valor de las principales empresas del sector log\u00edstico, portuario, del transporte y el comercio exterior. Llegando siempre a las manos correctas en eventos internacionales y por correo postal, la Guia se edita&nbsp;en espa\u00f1ol, ingl\u00e9s&nbsp;y portugu\u00e9s, en formato impreso, y tambi\u00e9n digital, en [&hellip;]<\/p>\n","protected":false},"author":3,"featured_media":0,"parent":0,"menu_order":0,"comment_status":"closed","ping_status":"closed","template":"page-templates\/full-width-page.php","meta":{"nf_dc_page":"","om_disable_all_campaigns":false,"footnotes":""},"class_list":["post-3856","page","type-page","status-publish","hentry"],"jetpack_sharing_enabled":true,"_links":{"self":[{"href":"https:\/\/todologistica.com\/sp\/wp-json\/wp\/v2\/pages\/3856","targetHints":{"allow":["GET"]}}],"collection":[{"href":"https:\/\/todologistica.com\/sp\/wp-json\/wp\/v2\/pages"}],"about":[{"href":"https:\/\/todologistica.com\/sp\/wp-json\/wp\/v2\/types\/page"}],"author":[{"embeddable":true,"href":"https:\/\/todologistica.com\/sp\/wp-json\/wp\/v2\/users\/3"}],"replies":[{"embeddable":true,"href":"https:\/\/todologistica.com\/sp\/wp-json\/wp\/v2\/comments?post=3856"}],"version-history":[{"count":7,"href":"https:\/\/todologistica.com\/sp\/wp-json\/wp\/v2\/pages\/3856\/revisions"}],"predecessor-version":[{"id":4044,"href":"https:\/\/todologistica.com\/sp\/wp-json\/wp\/v2\/pages\/3856\/revisions\/4044"}],"wp:attachment":[{"href":"https:\/\/todologistica.com\/sp\/wp-json\/wp\/v2\/media?parent=3856"}],"curies":[{"name":"wp","href":"https:\/\/api.w.org\/{rel}","templated":true}]}}