{"id":3311,"date":"2024-09-27T12:23:00","date_gmt":"2024-09-27T12:23:00","guid":{"rendered":"https:\/\/todologistica.com\/sp\/?page_id=3311"},"modified":"2024-09-27T17:43:32","modified_gmt":"2024-09-27T17:43:32","slug":"portada2024","status":"publish","type":"page","link":"https:\/\/todologistica.com\/sp\/portada2024\/","title":{"rendered":"portada2024"},"content":{"rendered":"<div data-colibri-id=\"3311-c1\" class=\"style-1436 style-local-3311-c1 position-relative\">\n  <!---->\n  <div data-colibri-component=\"section\" data-colibri-id=\"3311-c2\" id=\"content\" class=\"h-section h-section-global-spacing d-flex align-items-lg-center align-items-md-center align-items-center style-1499 style-local-3311-c2 position-relative\">\n    <!---->\n    <!---->\n    <div class=\"h-section-grid-container h-section-boxed-container\">\n      <div data-colibri-id=\"3311-c6\" class=\"h-row-container gutters-row-lg-2 gutters-row-md-2 gutters-row-2 gutters-row-v-lg-2 gutters-row-v-md-2 gutters-row-v-2 style-1503 style-local-3311-c6 position-relative\">\n        <!---->\n        <div class=\"h-row justify-content-lg-center justify-content-md-center justify-content-center align-items-lg-stretch align-items-md-stretch align-items-stretch gutters-col-lg-2 gutters-col-md-2 gutters-col-2 gutters-col-v-lg-2 gutters-col-v-md-2 gutters-col-v-2\">\n          <!---->\n          <div class=\"h-column h-column-container d-flex h-col-lg-auto h-col-md-auto h-col-auto style-1504-outer style-local-3311-c7-outer\">\n            <div data-colibri-id=\"3311-c7\" class=\"d-flex h-flex-basis h-column__inner h-px-lg-2 h-px-md-2 h-px-0 v-inner-lg-2 v-inner-md-2 v-inner-0 style-1504 style-local-3311-c7 position-relative\">\n              <!---->\n              <!---->\n              <div class=\"w-100 h-y-container h-column__content h-column__v-align flex-basis-100 align-self-lg-start align-self-md-start align-self-start\">\n                <!---->\n                <div data-colibri-id=\"3311-c8\" class=\"h-global-transition-all h-heading style-1505 style-local-3311-c8 position-relative h-element\">\n                  <!---->\n                  <div class=\"h-heading__outer style-1505 style-local-3311-c8\">\n                    <!---->\n                    <!---->\n                    <h2 class=\"\">Queremos ayudarte a generar nuevas oportunidades de negocios.<\/h2>\n                  <\/div>\n                <\/div>\n                <div data-colibri-id=\"3311-c9\" class=\"h-lead h-text h-text-component style-1506 style-local-3311-c9 position-relative h-element\">\n                  <!---->\n                  <!---->\n                  <div class=\"\">\n                    <p>Ponemos en movimiento varias acciones que\n                      <br>potencian tu estrategia&nbsp;de marketing y promoci\u00f3n.&nbsp;\n                      <br>Llegando a empresarios internacionales en +11 mercados.<\/p>\n                  <\/div>\n                <\/div>\n              <\/div>\n            <\/div>\n          <\/div>\n        <\/div>\n      <\/div>\n      <div data-colibri-id=\"3311-c3\" class=\"h-row-container gutters-row-lg-0 gutters-row-md-0 gutters-row-2 gutters-row-v-lg-0 gutters-row-v-md-0 gutters-row-v-0 style-1500 style-local-3311-c3 position-relative\">\n        <!---->\n        <div class=\"h-row justify-content-lg-center justify-content-md-center justify-content-center align-items-lg-stretch align-items-md-stretch align-items-stretch gutters-col-lg-0 gutters-col-md-0 gutters-col-2 gutters-col-v-lg-0 gutters-col-v-md-0 gutters-col-v-0\">\n          <!---->\n          <div class=\"h-column h-column-container d-flex h-col-lg-auto h-col-md-auto h-col-auto style-1501-outer style-local-3311-c4-outer\">\n            <div data-colibri-id=\"3311-c4\" class=\"d-flex h-flex-basis h-column__inner h-px-lg-0 h-px-md-0 h-px-0 v-inner-lg-0 v-inner-md-0 v-inner-0 style-1501 style-local-3311-c4 position-relative\">\n              <!---->\n              <!---->\n              <div class=\"w-100 h-y-container h-column__content h-column__v-align flex-basis-100 align-self-lg-start align-self-md-start align-self-start\">\n                <!---->\n                <div data-colibri-id=\"3311-c5\" class=\"d-block style-1502 style-local-3311-c5 position-relative h-element\">\n                  <!---->\n                  <div class=\"h-image__frame-container-outer\">\n                    <div class=\"h-image__frame-container\">\n                      <!---->\n                      <!---->\n                      <img data-recalc-dims=\"1\" fetchpriority=\"high\" decoding=\"async\" width=\"1920\" height=\"800\" src=\"https:\/\/i0.wp.com\/todologistica.com\/sp\/wp-content\/uploads\/2024\/09\/cabezal-2024-01.jpg?resize=1920%2C800&#038;ssl=1\" class=\"wp-image-3322 style-1502-image style-local-3311-c5-image\" alt=\"\" srcset=\"https:\/\/i0.wp.com\/todologistica.com\/sp\/wp-content\/uploads\/2024\/09\/cabezal-2024-01.jpg?w=1920&amp;ssl=1 1920w, https:\/\/i0.wp.com\/todologistica.com\/sp\/wp-content\/uploads\/2024\/09\/cabezal-2024-01.jpg?resize=300%2C125&amp;ssl=1 300w, https:\/\/i0.wp.com\/todologistica.com\/sp\/wp-content\/uploads\/2024\/09\/cabezal-2024-01.jpg?resize=1024%2C427&amp;ssl=1 1024w, https:\/\/i0.wp.com\/todologistica.com\/sp\/wp-content\/uploads\/2024\/09\/cabezal-2024-01.jpg?resize=768%2C320&amp;ssl=1 768w, https:\/\/i0.wp.com\/todologistica.com\/sp\/wp-content\/uploads\/2024\/09\/cabezal-2024-01.jpg?resize=1536%2C640&amp;ssl=1 1536w, https:\/\/i0.wp.com\/todologistica.com\/sp\/wp-content\/uploads\/2024\/09\/cabezal-2024-01.jpg?resize=1320%2C550&amp;ssl=1 1320w\" sizes=\"(max-width: 1000px) 100vw, 1000px\" \/>\n                      <div class=\"h-image__frame style-1502-frameImage style-local-3311-c5-frameImage\"><\/div>\n                    <\/div>\n                  <\/div>\n                <\/div>\n              <\/div>\n            <\/div>\n          <\/div>\n        <\/div>\n      <\/div>\n      <div data-colibri-id=\"3311-c10\" class=\"h-row-container gutters-row-lg-2 gutters-row-md-2 gutters-row-0 gutters-row-v-lg-2 gutters-row-v-md-2 gutters-row-v-2 style-1507 style-local-3311-c10 position-relative\">\n        <!---->\n        <div class=\"h-row justify-content-lg-center justify-content-md-center justify-content-center align-items-lg-stretch align-items-md-stretch align-items-stretch gutters-col-lg-2 gutters-col-md-2 gutters-col-0 gutters-col-v-lg-2 gutters-col-v-md-2 gutters-col-v-2\">\n          <!---->\n          <div class=\"h-column h-column-container d-flex h-col-lg-auto h-col-md-auto h-col-auto style-1508-outer style-local-3311-c11-outer\">\n            <div data-colibri-id=\"3311-c11\" class=\"d-flex h-flex-basis h-column__inner h-px-lg-2 h-px-md-2 h-px-2 v-inner-lg-2 v-inner-md-2 v-inner-2 style-1508 style-local-3311-c11 position-relative\">\n              <!---->\n              <!---->\n              <div class=\"w-100 h-y-container h-column__content h-column__v-align flex-basis-100 align-self-lg-start align-self-md-start align-self-start\">\n                <!---->\n                <div data-colibri-id=\"3311-c12\" class=\"h-x-container style-1509 style-local-3311-c12 position-relative h-element\">\n                  <!---->\n                  <div class=\"h-x-container-inner style-dynamic-3311-c12-group style-1509-spacing style-local-3311-c12-spacing\"><span class=\"h-button__outer style-1510-outer style-local-3311-c13-outer d-inline-flex h-element\"><a h-use-smooth-scroll=\"true\" href=\"https:\/\/todologistica.com\/sp\/contacto\/\"  data-colibri-id=\"3311-c13\" class=\"d-flex w-100 align-items-center h-button justify-content-lg-center justify-content-md-center justify-content-center style-1510 style-local-3311-c13 position-relative\"><!----><!----> <span>ponte en contacto<\/span><\/a>\n                    <\/span>\n                  <\/div>\n                <\/div>\n              <\/div>\n            <\/div>\n          <\/div>\n        <\/div>\n      <\/div>\n    <\/div>\n  <\/div>\n  <div data-colibri-component=\"section\" data-colibri-id=\"3311-c39\" id=\"about\" class=\"h-section h-section-global-spacing d-flex align-items-lg-center align-items-md-center align-items-center style-1528 style-local-3311-c39 position-relative\">\n    <!---->\n    <!---->\n    <div class=\"h-section-grid-container h-section-boxed-container\">\n      <!---->\n      <div data-colibri-id=\"3311-c40\" class=\"h-row-container gutters-row-lg-0 gutters-row-md-0 gutters-row-0 gutters-row-v-lg-0 gutters-row-v-md-0 gutters-row-v-0 style-1529 style-local-3311-c40 position-relative\">\n        <!---->\n        <div class=\"h-row justify-content-lg-center justify-content-md-center justify-content-center align-items-lg-stretch align-items-md-stretch align-items-stretch gutters-col-lg-0 gutters-col-md-0 gutters-col-0 gutters-col-v-lg-0 gutters-col-v-md-0 gutters-col-v-0\">\n          <!---->\n          <div class=\"h-column h-column-container d-flex h-col-lg-auto h-col-md-auto h-col-auto style-1530-outer style-local-3311-c41-outer\">\n            <div data-colibri-id=\"3311-c41\" class=\"d-flex h-flex-basis h-column__inner h-px-lg-0 h-px-md-0 h-px-0 v-inner-lg-0 v-inner-md-0 v-inner-0 style-1530 style-local-3311-c41 position-relative\">\n              <!---->\n              <!---->\n              <div class=\"w-100 h-y-container h-column__content h-column__v-align flex-basis-100 align-self-lg-start align-self-md-start align-self-start\">\n                <!---->\n                <div data-colibri-id=\"3311-c42\" class=\"h-global-transition-all h-heading style-1531 style-local-3311-c42 position-relative h-element\">\n                  <!---->\n                  <div class=\"h-heading__outer style-1531 style-local-3311-c42\">\n                    <!---->\n                    <!---->\n                    <h5 class=\"\">Canales impresos + webs<\/h5>\n                  <\/div>\n                <\/div>\n                <div data-colibri-id=\"3311-c43\" class=\"h-global-transition-all h-heading style-1532 style-local-3311-c43 position-relative h-element\">\n                  <!---->\n                  <div class=\"h-heading__outer style-1532 style-local-3311-c43\">\n                    <!---->\n                    <!---->\n                    <h2 class=\"\">Gu\u00eda Log\u00edstica y de Comercio Exterior<\/h2>\n                  <\/div>\n                <\/div>\n                <div data-colibri-id=\"3311-c44\" class=\"h-text h-text-component style-1533 style-local-3311-c44 position-relative h-element\">\n                  <!---->\n                  <!---->\n                  <div class=\"\">\n                    <p><span style=\"font-weight: 400;\">Publicaci\u00f3n multimedia internacional que presenta la oferta de valor de las principales empresas del sector portuario, log\u00edstico, del transporte y el comercio exterior.<\/span><\/p>\n                    <p><span style=\"font-weight: 400;\">Llegando siempre a las manos correctas en eventos internacionales y por correo postal, la Guia se edita en espa\u00f1ol, ingl\u00e9s y portugu\u00e9s, en formato impreso, y tambi\u00e9n digital en sus versiones flipp y app.<\/span><\/p>\n                    <p><span style=\"font-weight: 400;\">Navega su plataforma online ya mismo y encuentra el proveedor que necesitas para tu pr\u00f3ximo proyecto.<\/span><\/p>\n                  <\/div>\n                <\/div>\n                <div data-colibri-id=\"3311-c46\" class=\"h-x-container style-1535 style-local-3311-c46 position-relative h-element\">\n                  <!---->\n                  <div class=\"h-x-container-inner style-dynamic-3311-c46-group style-1535-spacing style-local-3311-c46-spacing\"><span class=\"h-button__outer style-1536-outer style-local-3311-c47-outer d-inline-flex h-element\"><a h-use-smooth-scroll=\"true\" href=\"https:\/\/guialogistica.info\/\"  data-colibri-id=\"3311-c47\" class=\"d-flex w-100 align-items-center h-button justify-content-lg-center justify-content-md-center justify-content-center style-1536 style-local-3311-c47 position-relative\"><!----><!----> <span>PLATAFORMA GU\u00cdA LOG\u00cdSTICA Y DE COMERCIO EXTERIOR<\/span><\/a>\n                    <\/span><span class=\"h-button__outer style-1537-outer style-local-3311-c48-outer d-inline-flex h-element\"><a h-use-smooth-scroll=\"true\" href=\"https:\/\/todologistica.com\/sp\/contacto\/\"  data-colibri-id=\"3311-c48\" class=\"d-flex w-100 align-items-center h-button justify-content-lg-center justify-content-md-center justify-content-center style-1537 style-local-3311-c48 position-relative\"><!----><!----> <span>quiero sumar mi anuncio a la guia<\/span><\/a>\n                    <\/span>\n                  <\/div>\n                <\/div>\n              <\/div>\n            <\/div>\n          <\/div>\n          <div class=\"h-column h-column-container d-flex h-col-lg-auto h-col-md-auto h-col-auto style-1534-outer style-local-3311-c45-outer\">\n            <div data-colibri-id=\"3311-c45\" class=\"d-flex h-flex-basis h-column__inner h-ui-empty-state-container h-px-lg-2 h-px-md-2 h-px-2 v-inner-lg-2 v-inner-md-2 v-inner-2 style-1534 style-local-3311-c45 position-relative\">\n              <!---->\n              <!---->\n              <div class=\"w-100 h-y-container h-column__content h-column__v-align flex-basis-100\">\n                <!---->\n              <\/div>\n            <\/div>\n          <\/div>\n        <\/div>\n      <\/div>\n    <\/div>\n  <\/div>\n  <div data-colibri-component=\"section\" data-colibri-id=\"3311-c49\" id=\"about-2\" class=\"h-section h-section-global-spacing d-flex align-items-lg-center align-items-md-center align-items-center style-1538 style-local-3311-c49 position-relative\">\n    <!---->\n    <!---->\n    <div class=\"h-section-grid-container h-section-boxed-container\">\n      <!---->\n      <div data-colibri-id=\"3311-c50\" class=\"h-row-container gutters-row-lg-0 gutters-row-md-0 gutters-row-0 gutters-row-v-lg-0 gutters-row-v-md-0 gutters-row-v-0 style-1539 style-local-3311-c50 position-relative\">\n        <!---->\n        <div class=\"h-row justify-content-lg-center justify-content-md-center justify-content-center align-items-lg-stretch align-items-md-stretch align-items-stretch gutters-col-lg-0 gutters-col-md-0 gutters-col-0 gutters-col-v-lg-0 gutters-col-v-md-0 gutters-col-v-0\">\n          <!---->\n          <div class=\"h-column h-column-container d-flex h-col-lg-auto h-col-md-auto h-col-auto style-1540-outer style-local-3311-c51-outer\">\n            <div data-colibri-id=\"3311-c51\" class=\"d-flex h-flex-basis h-column__inner h-ui-empty-state-container h-px-lg-0 h-px-md-0 h-px-0 v-inner-lg-0 v-inner-md-0 v-inner-0 style-1540 style-local-3311-c51 position-relative\">\n              <!---->\n              <!---->\n              <div class=\"w-100 h-y-container h-column__content h-column__v-align flex-basis-100\">\n                <!---->\n              <\/div>\n            <\/div>\n          <\/div>\n          <div class=\"h-column h-column-container d-flex h-col-lg-auto h-col-md-auto h-col-auto style-1541-outer style-local-3311-c52-outer\">\n            <div data-colibri-id=\"3311-c52\" class=\"d-flex h-flex-basis h-column__inner h-px-lg-2 h-px-md-2 h-px-2 v-inner-lg-2 v-inner-md-2 v-inner-2 style-1541 style-local-3311-c52 position-relative\">\n              <!---->\n              <!---->\n              <div class=\"w-100 h-y-container h-column__content h-column__v-align flex-basis-100 align-self-lg-start align-self-md-start align-self-start\">\n                <!---->\n                <div data-colibri-id=\"3311-c53\" class=\"h-global-transition-all h-heading style-1542 style-local-3311-c53 position-relative h-element\">\n                  <!---->\n                  <div class=\"h-heading__outer style-1542 style-local-3311-c53\">\n                    <!---->\n                    <!---->\n                    <h5 class=\"\">Canales impresos + webs<\/h5>\n                  <\/div>\n                <\/div>\n                <div data-colibri-id=\"3311-c54\" class=\"h-global-transition-all h-heading style-1543 style-local-3311-c54 position-relative h-element\">\n                  <!---->\n                  <div class=\"h-heading__outer style-1543 style-local-3311-c54\">\n                    <!---->\n                    <!---->\n                    <h2 class=\"\">Revista Protagonista<\/h2>\n                  <\/div>\n                <\/div>\n                <div data-colibri-id=\"3311-c55\" class=\"h-text h-text-component style-1544 style-local-3311-c55 position-relative h-element\">\n                  <!---->\n                  <!---->\n                  <div class=\"\">\n                    <p>Porque la log\u00edstica comienza en las personas.<\/p>\n                    <p><span style=\"font-weight: 400; font-size: 16px; font-family: &quot;Open Sans&quot;; color: rgb(70, 112, 127);\">Aqu\u00ed encontrar\u00e1s art\u00edculos de actores referentes del sector, que te permitir\u00e1n descubrir a futuros proveedores.<\/span><\/p>\n                  <\/div>\n                <\/div>\n                <div data-colibri-id=\"3311-c56\" class=\"h-x-container style-1545 style-local-3311-c56 position-relative h-element\">\n                  <!---->\n                  <div class=\"h-x-container-inner style-dynamic-3311-c56-group style-1545-spacing style-local-3311-c56-spacing\"><span class=\"h-button__outer style-1546-outer style-local-3311-c57-outer d-inline-flex h-element\"><a h-use-smooth-scroll=\"true\" href=\"http:\/\/revistaprotagonista.com\/\"  data-colibri-id=\"3311-c57\" class=\"d-flex w-100 align-items-center h-button justify-content-lg-center justify-content-md-center justify-content-center style-1546 style-local-3311-c57 position-relative\"><!----><!----> <span>www.revistaprotagonista.com<\/span><\/a>\n                    <\/span><span class=\"h-button__outer style-1547-outer style-local-3311-c58-outer d-inline-flex h-element\"><a h-use-smooth-scroll=\"true\" href=\"https:\/\/todologistica.com\/sp\/contacto\/\"  data-colibri-id=\"3311-c58\" class=\"d-flex w-100 align-items-center h-button justify-content-lg-center justify-content-md-center justify-content-center style-1547 style-local-3311-c58 position-relative\"><!----><!----> <span>quiero sumar mi anuncio a la revista protagonista<\/span><\/a>\n                    <\/span>\n                  <\/div>\n                <\/div>\n              <\/div>\n            <\/div>\n          <\/div>\n        <\/div>\n      <\/div>\n    <\/div>\n  <\/div>\n<\/div>","protected":false},"excerpt":{"rendered":"<p>Queremos ayudarte a generar nuevas oportunidades de negocios. Ponemos en movimiento varias acciones que potencian tu estrategia&nbsp;de marketing y promoci\u00f3n.&nbsp; Llegando a empresarios internacionales en +11 mercados. ponte en contacto Canales impresos + webs Gu\u00eda Log\u00edstica y de Comercio Exterior Publicaci\u00f3n multimedia internacional que presenta la oferta de valor de las principales empresas del sector [&hellip;]<\/p>\n","protected":false},"author":2,"featured_media":0,"parent":0,"menu_order":0,"comment_status":"closed","ping_status":"closed","template":"page-templates\/full-width-page.php","meta":{"nf_dc_page":"","om_disable_all_campaigns":false,"footnotes":""},"class_list":["post-3311","page","type-page","status-publish","hentry"],"jetpack_sharing_enabled":true,"_links":{"self":[{"href":"https:\/\/todologistica.com\/sp\/wp-json\/wp\/v2\/pages\/3311","targetHints":{"allow":["GET"]}}],"collection":[{"href":"https:\/\/todologistica.com\/sp\/wp-json\/wp\/v2\/pages"}],"about":[{"href":"https:\/\/todologistica.com\/sp\/wp-json\/wp\/v2\/types\/page"}],"author":[{"embeddable":true,"href":"https:\/\/todologistica.com\/sp\/wp-json\/wp\/v2\/users\/2"}],"replies":[{"embeddable":true,"href":"https:\/\/todologistica.com\/sp\/wp-json\/wp\/v2\/comments?post=3311"}],"version-history":[{"count":13,"href":"https:\/\/todologistica.com\/sp\/wp-json\/wp\/v2\/pages\/3311\/revisions"}],"predecessor-version":[{"id":3403,"href":"https:\/\/todologistica.com\/sp\/wp-json\/wp\/v2\/pages\/3311\/revisions\/3403"}],"wp:attachment":[{"href":"https:\/\/todologistica.com\/sp\/wp-json\/wp\/v2\/media?parent=3311"}],"curies":[{"name":"wp","href":"https:\/\/api.w.org\/{rel}","templated":true}]}}