{"id":2495,"date":"2023-06-21T13:21:41","date_gmt":"2023-06-21T13:21:41","guid":{"rendered":"https:\/\/todologistica.com\/sp\/?page_id=2495"},"modified":"2023-06-27T14:42:24","modified_gmt":"2023-06-27T14:42:24","slug":"suscribete-a-la-edicion-impresa","status":"publish","type":"page","link":"https:\/\/todologistica.com\/sp\/suscribete-a-la-edicion-impresa\/","title":{"rendered":"Suscr\u00edbete a la edici\u00f3n impresa"},"content":{"rendered":"\t\t<div data-elementor-type=\"wp-page\" data-elementor-id=\"2495\" class=\"elementor elementor-2495\">\n\t\t\t\t\t\t<section class=\"elementor-section elementor-top-section elementor-element elementor-element-7881f10 elementor-section-boxed elementor-section-height-default elementor-section-height-default\" data-id=\"7881f10\" data-element_type=\"section\" data-e-type=\"section\">\n\t\t\t\t\t\t<div class=\"elementor-container elementor-column-gap-default\">\n\t\t\t\t\t<div class=\"elementor-column elementor-col-100 elementor-top-column elementor-element elementor-element-95d9973\" data-id=\"95d9973\" data-element_type=\"column\" data-e-type=\"column\">\n\t\t\t<div class=\"elementor-widget-wrap elementor-element-populated\">\n\t\t\t\t\t\t<div class=\"elementor-element elementor-element-413133d elementor-widget elementor-widget-spacer\" data-id=\"413133d\" data-element_type=\"widget\" data-e-type=\"widget\" data-widget_type=\"spacer.default\">\n\t\t\t\t<div class=\"elementor-widget-container\">\n\t\t\t\t\t\t\t<div class=\"elementor-spacer\">\n\t\t\t<div class=\"elementor-spacer-inner\"><\/div>\n\t\t<\/div>\n\t\t\t\t\t\t<\/div>\n\t\t\t\t<\/div>\n\t\t\t\t<div class=\"elementor-element elementor-element-e4ebb14 elementor-widget elementor-widget-image\" data-id=\"e4ebb14\" data-element_type=\"widget\" data-e-type=\"widget\" data-widget_type=\"image.default\">\n\t\t\t\t<div class=\"elementor-widget-container\">\n\t\t\t\t\t\t\t\t\t\t\t\t\t\t\t<img fetchpriority=\"high\" decoding=\"async\" width=\"1024\" height=\"214\" src=\"https:\/\/i0.wp.com\/todologistica.com\/sp\/wp-content\/uploads\/2023\/06\/cabezal-suscribete-02.jpg?fit=1024%2C214&amp;ssl=1\" class=\"attachment-large size-large wp-image-2621\" alt=\"\" srcset=\"https:\/\/i0.wp.com\/todologistica.com\/sp\/wp-content\/uploads\/2023\/06\/cabezal-suscribete-02.jpg?w=1500&amp;ssl=1 1500w, https:\/\/i0.wp.com\/todologistica.com\/sp\/wp-content\/uploads\/2023\/06\/cabezal-suscribete-02.jpg?resize=300%2C63&amp;ssl=1 300w, https:\/\/i0.wp.com\/todologistica.com\/sp\/wp-content\/uploads\/2023\/06\/cabezal-suscribete-02.jpg?resize=1024%2C214&amp;ssl=1 1024w, https:\/\/i0.wp.com\/todologistica.com\/sp\/wp-content\/uploads\/2023\/06\/cabezal-suscribete-02.jpg?resize=768%2C160&amp;ssl=1 768w, https:\/\/i0.wp.com\/todologistica.com\/sp\/wp-content\/uploads\/2023\/06\/cabezal-suscribete-02.jpg?resize=1320%2C275&amp;ssl=1 1320w\" sizes=\"(max-width: 1000px) 100vw, 1000px\" \/>\t\t\t\t\t\t\t\t\t\t\t\t\t\t\t<\/div>\n\t\t\t\t<\/div>\n\t\t\t\t\t<\/div>\n\t\t<\/div>\n\t\t\t\t\t<\/div>\n\t\t<\/section>\n\t\t\t\t<section class=\"elementor-section elementor-top-section elementor-element elementor-element-4308a8e elementor-section-boxed elementor-section-height-default elementor-section-height-default\" data-id=\"4308a8e\" data-element_type=\"section\" data-e-type=\"section\">\n\t\t\t\t\t\t<div class=\"elementor-container elementor-column-gap-default\">\n\t\t\t\t\t<div class=\"elementor-column elementor-col-100 elementor-top-column elementor-element elementor-element-08d6314\" data-id=\"08d6314\" data-element_type=\"column\" data-e-type=\"column\">\n\t\t\t<div class=\"elementor-widget-wrap elementor-element-populated\">\n\t\t\t\t\t\t<div class=\"elementor-element elementor-element-1376333 elementor-widget elementor-widget-image\" data-id=\"1376333\" data-element_type=\"widget\" data-e-type=\"widget\" data-widget_type=\"image.default\">\n\t\t\t\t<div class=\"elementor-widget-container\">\n\t\t\t\t\t\t\t\t\t\t\t\t\t\t\t<img decoding=\"async\" width=\"1024\" height=\"410\" src=\"https:\/\/i0.wp.com\/todologistica.com\/sp\/wp-content\/uploads\/2023\/06\/cabezal-suscribete-01.jpg?fit=1024%2C410&amp;ssl=1\" class=\"attachment-large size-large wp-image-2605\" alt=\"\" srcset=\"https:\/\/i0.wp.com\/todologistica.com\/sp\/wp-content\/uploads\/2023\/06\/cabezal-suscribete-01.jpg?w=1500&amp;ssl=1 1500w, https:\/\/i0.wp.com\/todologistica.com\/sp\/wp-content\/uploads\/2023\/06\/cabezal-suscribete-01.jpg?resize=300%2C120&amp;ssl=1 300w, https:\/\/i0.wp.com\/todologistica.com\/sp\/wp-content\/uploads\/2023\/06\/cabezal-suscribete-01.jpg?resize=1024%2C410&amp;ssl=1 1024w, https:\/\/i0.wp.com\/todologistica.com\/sp\/wp-content\/uploads\/2023\/06\/cabezal-suscribete-01.jpg?resize=768%2C307&amp;ssl=1 768w, https:\/\/i0.wp.com\/todologistica.com\/sp\/wp-content\/uploads\/2023\/06\/cabezal-suscribete-01.jpg?resize=1320%2C528&amp;ssl=1 1320w\" sizes=\"(max-width: 1000px) 100vw, 1000px\" \/>\t\t\t\t\t\t\t\t\t\t\t\t\t\t\t<\/div>\n\t\t\t\t<\/div>\n\t\t\t\t<div class=\"elementor-element elementor-element-acda0b0 elementor-widget elementor-widget-heading\" data-id=\"acda0b0\" data-element_type=\"widget\" data-e-type=\"widget\" data-widget_type=\"heading.default\">\n\t\t\t\t<div class=\"elementor-widget-container\">\n\t\t\t\t\t<h4 class=\"elementor-heading-title elementor-size-default\">Suscr\u00edbete a la edici\u00f3n impresa de Revista PROTAGONISTA y recibe la Gu\u00eda Log\u00edstica impresa.<\/h4>\t\t\t\t<\/div>\n\t\t\t\t<\/div>\n\t\t\t\t\t<\/div>\n\t\t<\/div>\n\t\t\t\t\t<\/div>\n\t\t<\/section>\n\t\t\t\t<section class=\"elementor-section elementor-top-section elementor-element elementor-element-aa05fb8 elementor-section-full_width elementor-section-height-default elementor-section-height-default\" data-id=\"aa05fb8\" data-element_type=\"section\" data-e-type=\"section\">\n\t\t\t\t\t\t<div class=\"elementor-container elementor-column-gap-default\">\n\t\t\t\t\t<div class=\"elementor-column elementor-col-33 elementor-top-column elementor-element elementor-element-fbde477\" data-id=\"fbde477\" data-element_type=\"column\" data-e-type=\"column\">\n\t\t\t<div class=\"elementor-widget-wrap\">\n\t\t\t\t\t\t\t<\/div>\n\t\t<\/div>\n\t\t\t\t<div class=\"elementor-column elementor-col-33 elementor-top-column elementor-element elementor-element-51842e8\" data-id=\"51842e8\" data-element_type=\"column\" data-e-type=\"column\">\n\t\t\t<div class=\"elementor-widget-wrap elementor-element-populated\">\n\t\t\t\t\t\t<div class=\"elementor-element elementor-element-33823bd elementor-widget elementor-widget-text-editor\" data-id=\"33823bd\" data-element_type=\"widget\" data-e-type=\"widget\" data-widget_type=\"text-editor.default\">\n\t\t\t\t<div class=\"elementor-widget-container\">\n\t\t\t\t\t\t\t\t\t<h1><b>USD 6.99\/mes<br><\/b><\/h1>\t\t\t\t\t\t\t\t<\/div>\n\t\t\t\t<\/div>\n\t\t\t\t\t<\/div>\n\t\t<\/div>\n\t\t\t\t<div class=\"elementor-column elementor-col-33 elementor-top-column elementor-element elementor-element-f4ca58d\" data-id=\"f4ca58d\" data-element_type=\"column\" data-e-type=\"column\">\n\t\t\t<div class=\"elementor-widget-wrap\">\n\t\t\t\t\t\t\t<\/div>\n\t\t<\/div>\n\t\t\t\t\t<\/div>\n\t\t<\/section>\n\t\t\t\t<section class=\"elementor-section elementor-top-section elementor-element elementor-element-18ae70a elementor-section-boxed elementor-section-height-default elementor-section-height-default\" data-id=\"18ae70a\" data-element_type=\"section\" data-e-type=\"section\">\n\t\t\t\t\t\t<div class=\"elementor-container elementor-column-gap-default\">\n\t\t\t\t\t<div class=\"elementor-column elementor-col-33 elementor-top-column elementor-element elementor-element-3197d90\" data-id=\"3197d90\" data-element_type=\"column\" data-e-type=\"column\">\n\t\t\t<div class=\"elementor-widget-wrap\">\n\t\t\t\t\t\t\t<\/div>\n\t\t<\/div>\n\t\t\t\t<div class=\"elementor-column elementor-col-33 elementor-top-column elementor-element elementor-element-cc9d326\" data-id=\"cc9d326\" data-element_type=\"column\" data-e-type=\"column\">\n\t\t\t<div class=\"elementor-widget-wrap elementor-element-populated\">\n\t\t\t\t\t\t<div class=\"elementor-element elementor-element-2b781b6 elementor-view-default elementor-widget elementor-widget-icon\" data-id=\"2b781b6\" data-element_type=\"widget\" data-e-type=\"widget\" data-widget_type=\"icon.default\">\n\t\t\t\t<div class=\"elementor-widget-container\">\n\t\t\t\t\t\t\t<div class=\"elementor-icon-wrapper\">\n\t\t\t<div class=\"elementor-icon\">\n\t\t\t<i aria-hidden=\"true\" class=\"fas fa-star\"><\/i>\t\t\t<\/div>\n\t\t<\/div>\n\t\t\t\t\t\t<\/div>\n\t\t\t\t<\/div>\n\t\t\t\t<div class=\"elementor-element elementor-element-b30e4b9 elementor-widget elementor-widget-text-editor\" data-id=\"b30e4b9\" data-element_type=\"widget\" data-e-type=\"widget\" data-widget_type=\"text-editor.default\">\n\t\t\t\t<div class=\"elementor-widget-container\">\n\t\t\t\t\t\t\t\t\t<h6>\n<ul style=\"text-align: center; background-color: rgb(255, 255, 255);\">\n<li><span style=\"color: rgb(70, 112, 127); font-size: 1em;\">Cuatro Revistas Protagonistas<\/span><br><\/li><li>Gu\u00eda Log\u00edstica<\/li>\n<li>Dos boletines electr\u00f3nicos semanales<\/li>\n<li>Descuentos en Encuentros de Protagonistas<\/li>\n<\/ul>\n<pre><\/pre>\n<ul style=\"text-align: center; background-color: rgb(255, 255, 255);\">\n<li>Ofertas y promociones especiales<\/li>\n<\/ul>\n<\/h6>\t\t\t\t\t\t\t\t<\/div>\n\t\t\t\t<\/div>\n\t\t\t\t\t<\/div>\n\t\t<\/div>\n\t\t\t\t<div class=\"elementor-column elementor-col-33 elementor-top-column elementor-element elementor-element-ce5e0ba\" data-id=\"ce5e0ba\" data-element_type=\"column\" data-e-type=\"column\">\n\t\t\t<div class=\"elementor-widget-wrap\">\n\t\t\t\t\t\t\t<\/div>\n\t\t<\/div>\n\t\t\t\t\t<\/div>\n\t\t<\/section>\n\t\t\t\t<section class=\"elementor-section elementor-top-section elementor-element elementor-element-12c6d31 elementor-section-boxed elementor-section-height-default elementor-section-height-default\" data-id=\"12c6d31\" data-element_type=\"section\" data-e-type=\"section\">\n\t\t\t\t\t\t<div class=\"elementor-container elementor-column-gap-default\">\n\t\t\t\t\t<div class=\"elementor-column elementor-col-33 elementor-top-column elementor-element elementor-element-7decea0\" data-id=\"7decea0\" data-element_type=\"column\" data-e-type=\"column\">\n\t\t\t<div class=\"elementor-widget-wrap\">\n\t\t\t\t\t\t\t<\/div>\n\t\t<\/div>\n\t\t\t\t<div class=\"elementor-column elementor-col-33 elementor-top-column elementor-element elementor-element-ab3a531\" data-id=\"ab3a531\" data-element_type=\"column\" data-e-type=\"column\">\n\t\t\t<div class=\"elementor-widget-wrap elementor-element-populated\">\n\t\t\t\t\t\t<div class=\"elementor-element elementor-element-0ab8625 elementor-widget elementor-widget-html\" data-id=\"0ab8625\" data-element_type=\"widget\" data-e-type=\"widget\" data-widget_type=\"html.default\">\n\t\t\t\t<div class=\"elementor-widget-container\">\n\t\t\t\t\t<div id=\"paypal-button-container-P-7GS342981K280133PMSJPWCI\"><\/div>\n<script src=\"https:\/\/www.paypal.com\/sdk\/js?client-id=Af5Ihin3IACBvJCIawC_FhGQANpjimmTdxS7Dj0XVFcXXk9sKV6MqpaB1RoaWHFKkz19whMqSfkMb_3-&vault=true&intent=subscription\" data-sdk-integration-source=\"button-factory\"><\/script>\n<script>\n  paypal.Buttons({\n      style: {\n          shape: 'rect',\n          color: 'silver',\n          layout: 'vertical',\n          label: 'subscribe'\n      },\n      createSubscription: function(data, actions) {\n        return actions.subscription.create({\n          \/* Creates the subscription *\/\n          plan_id: 'P-7GS342981K280133PMSJPWCI'\n        });\n      },\n      onApprove: function(data, actions) {\n        alert(data.subscriptionID); \/\/ You can add optional success message for the subscriber here\n      }\n  }).render('#paypal-button-container-P-7GS342981K280133PMSJPWCI'); \/\/ Renders the PayPal button\n<\/script>\t\t\t\t<\/div>\n\t\t\t\t<\/div>\n\t\t\t\t\t<\/div>\n\t\t<\/div>\n\t\t\t\t<div class=\"elementor-column elementor-col-33 elementor-top-column elementor-element elementor-element-4c8094e\" data-id=\"4c8094e\" data-element_type=\"column\" data-e-type=\"column\">\n\t\t\t<div class=\"elementor-widget-wrap\">\n\t\t\t\t\t\t\t<\/div>\n\t\t<\/div>\n\t\t\t\t\t<\/div>\n\t\t<\/section>\n\t\t\t\t<\/div>\n\t\t","protected":false},"excerpt":{"rendered":"<p>Suscr\u00edbete a la edici\u00f3n impresa de Revista PROTAGONISTA y recibe la Gu\u00eda Log\u00edstica impresa. USD 6.99\/mes Cuatro Revistas ProtagonistasGu\u00eda Log\u00edstica Dos boletines electr\u00f3nicos semanales Descuentos en Encuentros de Protagonistas Ofertas y promociones especiales<\/p>\n","protected":false},"author":3,"featured_media":0,"parent":0,"menu_order":0,"comment_status":"closed","ping_status":"closed","template":"page-templates\/full-width-page.php","meta":{"nf_dc_page":"","om_disable_all_campaigns":false,"footnotes":""},"class_list":["post-2495","page","type-page","status-publish","hentry"],"jetpack_sharing_enabled":true,"_links":{"self":[{"href":"https:\/\/todologistica.com\/sp\/wp-json\/wp\/v2\/pages\/2495","targetHints":{"allow":["GET"]}}],"collection":[{"href":"https:\/\/todologistica.com\/sp\/wp-json\/wp\/v2\/pages"}],"about":[{"href":"https:\/\/todologistica.com\/sp\/wp-json\/wp\/v2\/types\/page"}],"author":[{"embeddable":true,"href":"https:\/\/todologistica.com\/sp\/wp-json\/wp\/v2\/users\/3"}],"replies":[{"embeddable":true,"href":"https:\/\/todologistica.com\/sp\/wp-json\/wp\/v2\/comments?post=2495"}],"version-history":[{"count":20,"href":"https:\/\/todologistica.com\/sp\/wp-json\/wp\/v2\/pages\/2495\/revisions"}],"predecessor-version":[{"id":2631,"href":"https:\/\/todologistica.com\/sp\/wp-json\/wp\/v2\/pages\/2495\/revisions\/2631"}],"wp:attachment":[{"href":"https:\/\/todologistica.com\/sp\/wp-json\/wp\/v2\/media?parent=2495"}],"curies":[{"name":"wp","href":"https:\/\/api.w.org\/{rel}","templated":true}]}}