{"id":147,"date":"2022-09-02T14:11:29","date_gmt":"2022-09-02T14:11:29","guid":{"rendered":"https:\/\/todologistica.com\/sp\/?page_id=147"},"modified":"2022-09-02T14:14:37","modified_gmt":"2022-09-02T14:14:37","slug":"especificaciones-guia-logistica","status":"publish","type":"page","link":"https:\/\/todologistica.com\/sp\/especificaciones-guia-logistica\/","title":{"rendered":"Especificaciones Gu\u00eda Log\u00edstica"},"content":{"rendered":"\n<h2 class=\"wp-block-heading\"><strong>ESPECIFICACIONES<\/strong> <strong>para el correcto desarrollo de tus pr\u00f3ximas pautas publicitarias<\/strong><\/h2>\n\n\n\n<div style=\"height:41px\" aria-hidden=\"true\" class=\"wp-block-spacer\"><\/div>\n\n\n\n<p>Queremos que tu material refleje la excelencia\u2026 para ello sigue estas recomendaciones, seg\u00fan el tipo de material que prepares para enviarnos.<\/p>\n\n\n\n<div style=\"height:41px\" aria-hidden=\"true\" class=\"wp-block-spacer\"><\/div>\n\n\n\n<p>PUBLICACI\u00d3N IMPRESA<br><strong>GUIA LOG\u00cdSTICA Y DE COMERCIO EXTERIOR<\/strong><\/p>\n\n\n\n<div style=\"height:41px\" aria-hidden=\"true\" class=\"wp-block-spacer\"><\/div>\n\n\n\n<p>Publicaci\u00f3n TRILING\u00dcE impresa a 4 tintas. Formato libro 170 x 230 mm (cerrado)<\/p>\n\n\n\n<hr class=\"wp-block-separator has-alpha-channel-opacity is-style-default\"\/>\n\n\n\n<p>Los archivos deben ser presentados en CMYK, con 300 dpi de resoluci\u00f3n, en su tama\u00f1o REAL seg\u00fan el formato pactado.<br>Toleramos cualquier extensi\u00f3n de programa en entorno Windows: JPG, TIF, EPS, CDR, AI, PDF<\/p>\n\n\n\n<hr class=\"wp-block-separator has-alpha-channel-opacity\"\/>\n\n\n\n<p>ATENCI\u00d3N &#8211; Todos los dise\u00f1os deben ser preparados con un desborde\/sobrante o demas\u00eda de 5 mm en los fondos de color o im\u00e1genes y en los formatos de p\u00e1ginas dejar m\u00ednimo, 5 mm de margen interno en textos y logos, para protecci\u00f3n frente al posible movimiento y refile en imprenta.<\/p>\n\n\n\n<hr class=\"wp-block-separator has-alpha-channel-opacity\"\/>\n\n\n\n<div style=\"height:69px\" aria-hidden=\"true\" class=\"wp-block-spacer\"><\/div>\n\n\n\n<div class=\"wp-block-columns is-layout-flex wp-container-core-columns-is-layout-9d6595d7 wp-block-columns-is-layout-flex\">\n<div class=\"wp-block-column is-layout-flow wp-block-column-is-layout-flow\">\n<div class=\"wp-block-columns is-layout-flex wp-container-core-columns-is-layout-9d6595d7 wp-block-columns-is-layout-flex\">\n<div class=\"wp-block-column is-layout-flow wp-block-column-is-layout-flow\"><div class=\"wp-block-image\">\n<figure class=\"aligncenter size-full\"><img data-recalc-dims=\"1\" fetchpriority=\"high\" decoding=\"async\" width=\"250\" height=\"200\" src=\"https:\/\/i0.wp.com\/todologistica.com\/sp\/wp-content\/uploads\/2022\/09\/contratapa.jpg?resize=250%2C200&#038;ssl=1\" alt=\"\" class=\"wp-image-148\"\/><figcaption>CONTRATAPA<br>170 mm de base <br>x 230 mm<\/figcaption><\/figure>\n<\/div><\/div>\n\n\n\n<div class=\"wp-block-column is-layout-flow wp-block-column-is-layout-flow\"><div class=\"wp-block-image\">\n<figure class=\"aligncenter size-full is-resized\"><img data-recalc-dims=\"1\" decoding=\"async\" src=\"https:\/\/i0.wp.com\/todologistica.com\/sp\/wp-content\/uploads\/2022\/09\/alas-1-6.jpg?resize=183%2C146&#038;ssl=1\" alt=\"\" class=\"wp-image-149\" width=\"183\" height=\"146\"\/><figcaption>ALAS 1 y 6<br>155 mm de base<br>x 230 mm<\/figcaption><\/figure>\n<\/div><\/div>\n<\/div>\n<\/div>\n\n\n\n<div class=\"wp-block-column is-layout-flow wp-block-column-is-layout-flow\">\n<div class=\"wp-block-columns is-layout-flex wp-container-core-columns-is-layout-9d6595d7 wp-block-columns-is-layout-flex\">\n<div class=\"wp-block-column is-layout-flow wp-block-column-is-layout-flow\"><div class=\"wp-block-image\">\n<figure class=\"aligncenter size-full\"><img data-recalc-dims=\"1\" decoding=\"async\" width=\"250\" height=\"200\" src=\"https:\/\/i0.wp.com\/todologistica.com\/sp\/wp-content\/uploads\/2022\/09\/alas-2-5.jpg?resize=250%2C200&#038;ssl=1\" alt=\"\" class=\"wp-image-150\"\/><figcaption>ALAS 2 y 5<br>155 mm de base<br>x 230 mm<\/figcaption><\/figure>\n<\/div><\/div>\n\n\n\n<div class=\"wp-block-column is-layout-flow wp-block-column-is-layout-flow\"><div class=\"wp-block-image\">\n<figure class=\"aligncenter size-full\"><img data-recalc-dims=\"1\" loading=\"lazy\" decoding=\"async\" width=\"250\" height=\"200\" src=\"https:\/\/i0.wp.com\/todologistica.com\/sp\/wp-content\/uploads\/2022\/09\/alas-3-4.jpg?resize=250%2C200&#038;ssl=1\" alt=\"\" class=\"wp-image-151\"\/><figcaption>ALAS 3 y 4<br>Retiro de Tapa<br>Retiro de Contratapa<br>163 mm de base<br>x 230 mm<\/figcaption><\/figure>\n<\/div><\/div>\n<\/div>\n<\/div>\n<\/div>\n\n\n\n<p>Los espacios para anuncios internos llevan en la parte superior de la pagina un espacio para un cintillo\/espacio de 10 mil\u00edmetros con informaci\u00f3n y el n\u00famero de p\u00e1gina.<\/p>\n\n\n\n<div class=\"wp-block-columns is-layout-flex wp-container-core-columns-is-layout-9d6595d7 wp-block-columns-is-layout-flex\">\n<div class=\"wp-block-column is-layout-flow wp-block-column-is-layout-flow\"><div class=\"wp-block-image\">\n<figure class=\"aligncenter size-full\"><img data-recalc-dims=\"1\" loading=\"lazy\" decoding=\"async\" width=\"250\" height=\"200\" src=\"https:\/\/i0.wp.com\/todologistica.com\/sp\/wp-content\/uploads\/2022\/09\/GL-SO.jpg?resize=250%2C200&#038;ssl=1\" alt=\"\" class=\"wp-image-152\"\/><figcaption>DOBLE p\u00e1gina entera<br>340 mm de base x 220 mm<\/figcaption><\/figure>\n<\/div><\/div>\n\n\n\n<div class=\"wp-block-column is-layout-flow wp-block-column-is-layout-flow\"><div class=\"wp-block-image\">\n<figure class=\"aligncenter size-full\"><img data-recalc-dims=\"1\" loading=\"lazy\" decoding=\"async\" width=\"250\" height=\"200\" src=\"https:\/\/i0.wp.com\/todologistica.com\/sp\/wp-content\/uploads\/2022\/09\/GL-PP.jpg?resize=250%2C200&#038;ssl=1\" alt=\"\" class=\"wp-image-153\"\/><figcaption>P\u00e1gina entera PAR<br>170 mm de base x 220 mm<\/figcaption><\/figure>\n<\/div><\/div>\n\n\n\n<div class=\"wp-block-column is-layout-flow wp-block-column-is-layout-flow\"><div class=\"wp-block-image\">\n<figure class=\"aligncenter size-full\"><img data-recalc-dims=\"1\" loading=\"lazy\" decoding=\"async\" width=\"250\" height=\"200\" src=\"https:\/\/i0.wp.com\/todologistica.com\/sp\/wp-content\/uploads\/2022\/09\/GLPI.jpg?resize=250%2C200&#038;ssl=1\" alt=\"\" class=\"wp-image-154\"\/><figcaption>P\u00e1gina entera IMPAR<br>170 mm de base x 220 mm<\/figcaption><\/figure>\n<\/div><\/div>\n<\/div>\n\n\n\n<div class=\"wp-block-columns is-layout-flex wp-container-core-columns-is-layout-9d6595d7 wp-block-columns-is-layout-flex\">\n<div class=\"wp-block-column is-layout-flow wp-block-column-is-layout-flow\"><div class=\"wp-block-image\">\n<figure class=\"aligncenter size-full\"><img data-recalc-dims=\"1\" loading=\"lazy\" decoding=\"async\" width=\"250\" height=\"200\" src=\"https:\/\/i0.wp.com\/todologistica.com\/sp\/wp-content\/uploads\/2022\/09\/GL-2M-02.jpg?resize=250%2C200&#038;ssl=1\" alt=\"\" class=\"wp-image-158\"\/><figcaption>Doble media p\u00e1gina apaisada<br>340 mm de base x 110 mm<\/figcaption><\/figure>\n<\/div><\/div>\n\n\n\n<div class=\"wp-block-column is-layout-flow wp-block-column-is-layout-flow\"><div class=\"wp-block-image\">\n<figure class=\"aligncenter size-full\"><img data-recalc-dims=\"1\" loading=\"lazy\" decoding=\"async\" width=\"250\" height=\"200\" src=\"https:\/\/i0.wp.com\/todologistica.com\/sp\/wp-content\/uploads\/2022\/09\/GL-MP-02.jpg?resize=250%2C200&#038;ssl=1\" alt=\"\" class=\"wp-image-159\"\/><figcaption>Media p\u00e1gina PAR apaisada<br>170 mm de base X 110 mm<\/figcaption><\/figure>\n<\/div><\/div>\n\n\n\n<div class=\"wp-block-column is-layout-flow wp-block-column-is-layout-flow\"><div class=\"wp-block-image\">\n<figure class=\"aligncenter size-full\"><img data-recalc-dims=\"1\" loading=\"lazy\" decoding=\"async\" width=\"250\" height=\"200\" src=\"https:\/\/i0.wp.com\/todologistica.com\/sp\/wp-content\/uploads\/2022\/09\/GL-MI-02.jpg?resize=250%2C200&#038;ssl=1\" alt=\"\" class=\"wp-image-160\"\/><figcaption>Media p\u00e1gina IMPAR apaisada<br>170 mm de base X 110 mm<\/figcaption><\/figure>\n<\/div><\/div>\n<\/div>\n","protected":false},"excerpt":{"rendered":"<p>ESPECIFICACIONES para el correcto desarrollo de tus pr\u00f3ximas pautas publicitarias Queremos que tu material refleje la excelencia\u2026 para ello sigue estas recomendaciones, seg\u00fan el tipo de material que prepares para enviarnos. PUBLICACI\u00d3N IMPRESAGUIA LOG\u00cdSTICA Y DE COMERCIO EXTERIOR Publicaci\u00f3n TRILING\u00dcE impresa a 4 tintas. Formato libro 170 x 230 mm (cerrado) Los archivos deben ser [&hellip;]<\/p>\n","protected":false},"author":1,"featured_media":0,"parent":0,"menu_order":0,"comment_status":"closed","ping_status":"closed","template":"","meta":{"nf_dc_page":"","om_disable_all_campaigns":false,"footnotes":""},"class_list":["post-147","page","type-page","status-publish","hentry"],"jetpack_sharing_enabled":true,"_links":{"self":[{"href":"https:\/\/todologistica.com\/sp\/wp-json\/wp\/v2\/pages\/147","targetHints":{"allow":["GET"]}}],"collection":[{"href":"https:\/\/todologistica.com\/sp\/wp-json\/wp\/v2\/pages"}],"about":[{"href":"https:\/\/todologistica.com\/sp\/wp-json\/wp\/v2\/types\/page"}],"author":[{"embeddable":true,"href":"https:\/\/todologistica.com\/sp\/wp-json\/wp\/v2\/users\/1"}],"replies":[{"embeddable":true,"href":"https:\/\/todologistica.com\/sp\/wp-json\/wp\/v2\/comments?post=147"}],"version-history":[{"count":6,"href":"https:\/\/todologistica.com\/sp\/wp-json\/wp\/v2\/pages\/147\/revisions"}],"predecessor-version":[{"id":168,"href":"https:\/\/todologistica.com\/sp\/wp-json\/wp\/v2\/pages\/147\/revisions\/168"}],"wp:attachment":[{"href":"https:\/\/todologistica.com\/sp\/wp-json\/wp\/v2\/media?parent=147"}],"curies":[{"name":"wp","href":"https:\/\/api.w.org\/{rel}","templated":true}]}}